{"id":155,"date":"2024-11-22T09:02:24","date_gmt":"2024-11-22T09:02:24","guid":{"rendered":"https:\/\/aykutozpur.bifollow.com\/?page_id=155"},"modified":"2024-12-11T08:19:06","modified_gmt":"2024-12-11T08:19:06","slug":"dolgu","status":"publish","type":"page","link":"https:\/\/aykutozpur.com\/en\/dolgu\/","title":{"rendered":"Filler"},"content":{"rendered":"<div data-elementor-type=\"wp-page\" data-elementor-id=\"155\" class=\"elementor elementor-155\" data-elementor-post-type=\"page\">\n\t\t\t\t<div class=\"elementor-element elementor-element-52686433 e-flex e-con-boxed wpr-particle-no wpr-jarallax-no wpr-parallax-no wpr-sticky-section-no e-con e-parent\" data-id=\"52686433\" data-element_type=\"container\" data-settings=\"{&quot;background_background&quot;:&quot;classic&quot;,&quot;shape_divider_bottom&quot;:&quot;triangle&quot;,&quot;shape_divider_bottom_negative&quot;:&quot;yes&quot;}\">\n\t\t\t\t\t<div class=\"e-con-inner\">\n\t\t\t\t<div class=\"elementor-shape elementor-shape-bottom\" aria-hidden=\"true\" data-negative=\"true\">\n\t\t\t<svg xmlns=\"http:\/\/www.w3.org\/2000\/svg\" viewbox=\"0 0 1000 100\" preserveaspectratio=\"none\">\n\t<path class=\"elementor-shape-fill\" d=\"M500.2,94.7L0,0v100h1000V0L500.2,94.7z\"\/>\n<\/svg>\t\t<\/div>\n\t\t\t\t<div class=\"elementor-element elementor-element-31812124 elementor-widget elementor-widget-heading\" data-id=\"31812124\" data-element_type=\"widget\" data-widget_type=\"heading.default\">\n\t\t\t\t<div class=\"elementor-widget-container\">\n\t\t\t\t\t<h1 class=\"elementor-heading-title elementor-size-default\">Filler<\/h1>\t\t\t\t<\/div>\n\t\t\t\t<\/div>\n\t\t\t\t\t<\/div>\n\t\t\t\t<\/div>\n\t\t<div class=\"elementor-element elementor-element-74210a71 e-flex e-con-boxed wpr-particle-no wpr-jarallax-no wpr-parallax-no wpr-sticky-section-no e-con e-parent\" data-id=\"74210a71\" data-element_type=\"container\">\n\t\t\t\t\t<div class=\"e-con-inner\">\n\t\t\t\t<div class=\"elementor-element elementor-element-1e22b7cb elementor-widget elementor-widget-image\" data-id=\"1e22b7cb\" data-element_type=\"widget\" data-widget_type=\"image.default\">\n\t\t\t\t<div class=\"elementor-widget-container\">\n\t\t\t\t\t\t\t\t\t\t\t\t\t\t\t<img fetchpriority=\"high\" decoding=\"async\" width=\"770\" height=\"457\" src=\"https:\/\/aykutozpur.com\/wp-content\/uploads\/2024\/12\/dolgu-2.jpg\" class=\"attachment-full size-full wp-image-368\" alt=\"\" srcset=\"https:\/\/aykutozpur.com\/wp-content\/uploads\/2024\/12\/dolgu-2.jpg 770w, https:\/\/aykutozpur.com\/wp-content\/uploads\/2024\/12\/dolgu-2-300x178.jpg 300w, https:\/\/aykutozpur.com\/wp-content\/uploads\/2024\/12\/dolgu-2-768x456.jpg 768w\" sizes=\"(max-width: 770px) 100vw, 770px\" \/>\t\t\t\t\t\t\t\t\t\t\t\t\t\t\t<\/div>\n\t\t\t\t<\/div>\n\t\t\t\t<div class=\"elementor-element elementor-element-6799055d elementor-widget elementor-widget-text-editor\" data-id=\"6799055d\" data-element_type=\"widget\" data-widget_type=\"text-editor.default\">\n\t\t\t\t<div class=\"elementor-widget-container\">\n\t\t\t\t\t\t\t\t\t<h3>Filler<\/h3>\n<p>Ameliyats\u0131z y\u00fcz gen\u00e7le\u015ftirmede en s\u0131k uygulanan y\u00f6ntemlerden biri dolgu uygulamalar\u0131d\u0131r. Dolgular tek ba\u015f\u0131na uygulanabilecekleri gibi botoks, prp veya mezoterapilerle birlikte de kombine olarak uygulanabilir. Y\u00fczde en s\u0131k hyal\u00fcronik asit i\u00e7erikli dolgular tercih edilir. hyal\u00fcronik asit dolgular laboratuvar ortam\u0131nda yap\u0131lmak istenen b\u00f6lgenin yap\u0131s\u0131na uygun olarak yo\u011funluklar\u0131 farkl\u0131 olarak \u00fcretilir. \u00d6rne\u011fin dudak \u00fczerindeki ince k\u0131r\u0131\u015f\u0131kl\u0131klar i\u00e7in daha yumu\u015fak dolgular tercih edilirken yanak veya \u00e7ene ucu gibi kemikli ve derin b\u00f6lgelerde daha sert dolgular tercih edilir.<\/p>\n<p>Dolgular molek\u00fcler yap\u0131lar\u0131na g\u00f6re farkl\u0131 kal\u0131c\u0131l\u0131ktad\u0131r. Genellikle dudakta tercih edilen dolgular 6-9 ay kal\u0131c\u0131yken yanak ve \u00e7ene dolgular\u0131n\u0131n kal\u0131c\u0131l\u0131\u011f\u0131 2 y\u0131la kadar uzayabilir. uygulanan b\u00f6lgenin hareketi ve bireysel \u00f6zellikler de dolgu kal\u0131c\u0131l\u0131klar\u0131n\u0131 etkiler.<\/p>\n<p>Hyal\u00fcronik asit dolgular sadece hacim elde etmek i\u00e7in kullan\u0131lmaz. Molek\u00fcler yap\u0131s\u0131 nedeniyle fazlaca su tutma \u00f6zelli\u011fine sahip bir madde oldu\u011fu i\u00e7in cildin daha taze ve gen\u00e7 g\u00f6r\u00fcnmesini sa\u011flar. Bu nedenle sadece doldurmak, hacim sa\u011flamak i\u00e7in de\u011fil ciltaltl geni\u015f y\u00fczeyli olarak cilt g\u00f6r\u00fcn\u00fcm\u00fcn\u00fc geli\u015ftirmek amac\u0131yla uygulanabilir.<\/p>\n<p>\u00c7o\u011fu dolgu i\u00e7erisinde belirli miktarda (uygulama esnas\u0131nda a\u011fr\u0131y\u0131 azaltmak i\u00e7in) lokal uyu\u015fturucu ( anestezik) maddeler i\u00e7erir. Buna ra\u011fmen tamamen a\u011fr\u0131s\u0131z bir uygulama isteniyorsa lokal anestezik kremler veya uygulanacak b\u00f6lge \u00e7evresine lokal anestezi enjeksiyonu yap\u0131labilir.<\/p>\t\t\t\t\t\t\t\t<\/div>\n\t\t\t\t<\/div>\n\t\t\t\t\t<\/div>\n\t\t\t\t<\/div>\n\t\t<div class=\"elementor-element elementor-element-5ccd7881 e-flex e-con-boxed wpr-particle-no wpr-jarallax-no wpr-parallax-no wpr-sticky-section-no e-con e-parent\" data-id=\"5ccd7881\" data-element_type=\"container\">\n\t\t\t\t\t<div class=\"e-con-inner\">\n\t\t\t\t<div class=\"elementor-element elementor-element-169a1dd1 elementor-widget elementor-widget-heading\" data-id=\"169a1dd1\" data-element_type=\"widget\" data-widget_type=\"heading.default\">\n\t\t\t\t<div class=\"elementor-widget-container\">\n\t\t\t\t\t<h2 class=\"elementor-heading-title elementor-size-default\">Frequently Asked Questions\n<\/h2>\t\t\t\t<\/div>\n\t\t\t\t<\/div>\n\t\t\t\t<div class=\"elementor-element elementor-element-15f3235a elementor-widget elementor-widget-n-accordion\" data-id=\"15f3235a\" data-element_type=\"widget\" data-settings=\"{&quot;default_state&quot;:&quot;expanded&quot;,&quot;max_items_expended&quot;:&quot;one&quot;,&quot;n_accordion_animation_duration&quot;:{&quot;unit&quot;:&quot;ms&quot;,&quot;size&quot;:400,&quot;sizes&quot;:[]}}\" data-widget_type=\"nested-accordion.default\">\n\t\t\t\t<div class=\"elementor-widget-container\">\n\t\t\t\t\t\t\t<div class=\"e-n-accordion\" aria-label=\"Accordion. Open links with Enter or Space, close with Escape, and navigate with Arrow Keys\">\n\t\t\t\t\t\t<details id=\"e-n-accordion-item-3680\" class=\"e-n-accordion-item\" open>\n\t\t\t\t<summary class=\"e-n-accordion-item-title\" data-accordion-index=\"1\" tabindex=\"0\" aria-expanded=\"true\" aria-controls=\"e-n-accordion-item-3680\" >\n\t\t\t\t\t<span class='e-n-accordion-item-title-header'><div class=\"e-n-accordion-item-title-text\"> Nas\u0131l uygulan\u0131r? <\/div><\/span>\n\t\t\t\t\t\t\t<span class='e-n-accordion-item-title-icon'>\n\t\t\t<span class='e-opened' ><svg aria-hidden=\"true\" class=\"e-font-icon-svg e-fas-minus\" viewbox=\"0 0 448 512\" xmlns=\"http:\/\/www.w3.org\/2000\/svg\"><path d=\"M416 208H32c-17.67 0-32 14.33-32 32v32c0 17.67 14.33 32 32 32h384c17.67 0 32-14.33 32-32v-32c0-17.67-14.33-32-32-32z\"><\/path><\/svg><\/span>\n\t\t\t<span class='e-closed'><svg aria-hidden=\"true\" class=\"e-font-icon-svg e-fas-plus\" viewbox=\"0 0 448 512\" xmlns=\"http:\/\/www.w3.org\/2000\/svg\"><path d=\"M416 208H272V64c0-17.67-14.33-32-32-32h-32c-17.67 0-32 14.33-32 32v144H32c-17.67 0-32 14.33-32 32v32c0 17.67 14.33 32 32 32h144v144c0 17.67 14.33 32 32 32h32c17.67 0 32-14.33 32-32V304h144c17.67 0 32-14.33 32-32v-32c0-17.67-14.33-32-32-32z\"><\/path><\/svg><\/span>\n\t\t<\/span>\n\n\t\t\t\t\t\t<\/summary>\n\t\t\t\t<div role=\"region\" aria-labelledby=\"e-n-accordion-item-3680\" class=\"elementor-element elementor-element-5f7b3a98 e-con-full e-flex wpr-particle-no wpr-jarallax-no wpr-parallax-no wpr-sticky-section-no e-con e-child\" data-id=\"5f7b3a98\" data-element_type=\"container\">\n\t\t\t\t<div class=\"elementor-element elementor-element-38292e69 elementor-widget elementor-widget-text-editor\" data-id=\"38292e69\" data-element_type=\"widget\" data-widget_type=\"text-editor.default\">\n\t\t\t\t<div class=\"elementor-widget-container\">\n\t\t\t\t\t\t\t\t\tDolgular klinik \u015fartlar\u0131nda 15-20 dk da uygulanabilir. Uygulama sonras\u0131 g\u00fcnl\u00fck hayat\u0131n\u0131za devam edebilirsiniz. Ben kendi prati\u011fimde daha \u00e7ok i\u011fnelerle de\u011fil ince kan\u00fcllerle uygulamay\u0131 tercih ediyorum. Bu \u015fekilde daha g\u00fcvenli ve hasta konforunun daha iyi oldu\u011funu d\u00fc\u015f\u00fcn\u00fcyorum. \u0130\u015flem sonras\u0131nda so\u011fuk uygulama yap\u0131larak olu\u015fabilecek hafif \u015fi\u015flikler engellenebilir.\n\nDudaklar bir m\u00fcddet uyu\u015fuk olaca\u011f\u0131 i\u00e7in bir ka\u00e7 saat s\u0131cak i\u00e7eceklere ve \u00e7ok so\u011fuk buzlu g\u0131dalara dikkat etmek gerekir. \u0130\u015flem sonras\u0131 lip stick veya ruj kullan\u0131labilir.\t\t\t\t\t\t\t\t<\/div>\n\t\t\t\t<\/div>\n\t\t\t\t<\/div>\n\t\t\t\t\t<\/details>\n\t\t\t\t\t\t<details id=\"e-n-accordion-item-3681\" class=\"e-n-accordion-item\" >\n\t\t\t\t<summary class=\"e-n-accordion-item-title\" data-accordion-index=\"2\" tabindex=\"-1\" aria-expanded=\"false\" aria-controls=\"e-n-accordion-item-3681\" >\n\t\t\t\t\t<span class='e-n-accordion-item-title-header'><div class=\"e-n-accordion-item-title-text\"> Dolgular\u0131n y\u00fczde en \u00e7ok uygulan\u0131ld\u0131\u011f\u0131 alanlar nelerdir? <\/div><\/span>\n\t\t\t\t\t\t\t<span class='e-n-accordion-item-title-icon'>\n\t\t\t<span class='e-opened' ><svg aria-hidden=\"true\" class=\"e-font-icon-svg e-fas-minus\" viewbox=\"0 0 448 512\" xmlns=\"http:\/\/www.w3.org\/2000\/svg\"><path d=\"M416 208H32c-17.67 0-32 14.33-32 32v32c0 17.67 14.33 32 32 32h384c17.67 0 32-14.33 32-32v-32c0-17.67-14.33-32-32-32z\"><\/path><\/svg><\/span>\n\t\t\t<span class='e-closed'><svg aria-hidden=\"true\" class=\"e-font-icon-svg e-fas-plus\" viewbox=\"0 0 448 512\" xmlns=\"http:\/\/www.w3.org\/2000\/svg\"><path d=\"M416 208H272V64c0-17.67-14.33-32-32-32h-32c-17.67 0-32 14.33-32 32v144H32c-17.67 0-32 14.33-32 32v32c0 17.67 14.33 32 32 32h144v144c0 17.67 14.33 32 32 32h32c17.67 0 32-14.33 32-32V304h144c17.67 0 32-14.33 32-32v-32c0-17.67-14.33-32-32-32z\"><\/path><\/svg><\/span>\n\t\t<\/span>\n\n\t\t\t\t\t\t<\/summary>\n\t\t\t\t<div role=\"region\" aria-labelledby=\"e-n-accordion-item-3681\" class=\"elementor-element elementor-element-2d354c1d e-con-full e-flex wpr-particle-no wpr-jarallax-no wpr-parallax-no wpr-sticky-section-no e-con e-child\" data-id=\"2d354c1d\" data-element_type=\"container\">\n\t\t\t\t<div class=\"elementor-element elementor-element-a2fe72d elementor-widget elementor-widget-text-editor\" data-id=\"a2fe72d\" data-element_type=\"widget\" data-widget_type=\"text-editor.default\">\n\t\t\t\t<div class=\"elementor-widget-container\">\n\t\t\t\t\t\t\t\t\t&#8211; Dudak dolgunla\u015ft\u0131rma ve kont\u00fcrlerini belirginle\u015ftirme,\n&#8211; Dudak \u00fczerindeki \u00e7ok ince dikey ve yatay \u00e7izgiler,\n&#8211; G\u00f6z alt\u0131 ve yanak \u00e7\u00f6k\u00fcnt\u00fcnlerinin doldurulmas\u0131,\n&#8211; \u00dcst g\u00f6z kapa\u011f\u0131ndaki \u00e7\u00f6k\u00fckl\u00fckler ve ka\u015f pozisyonunun ayarlanmas\u0131,\n&#8211; \u00c7ene ucunun b\u00fcy\u00fct\u00fclmesi,\n&#8211; Al\u0131n ve ka\u015f aras\u0131ndaki derin \u00e7izgilerin tedavisi,\n&#8211; T\u00fcm y\u00fcz cildinde tazelik sa\u011flamak i\u00e7in \u00e7ok az miktarlarda t\u00fcm y\u00fcz derisi alt\u0131na yap\u0131labilir..\n\t\t\t\t\t\t\t\t<\/div>\n\t\t\t\t<\/div>\n\t\t\t\t<\/div>\n\t\t\t\t\t<\/details>\n\t\t\t\t\t\t<details id=\"e-n-accordion-item-3682\" class=\"e-n-accordion-item\" >\n\t\t\t\t<summary class=\"e-n-accordion-item-title\" data-accordion-index=\"3\" tabindex=\"-1\" aria-expanded=\"false\" aria-controls=\"e-n-accordion-item-3682\" >\n\t\t\t\t\t<span class='e-n-accordion-item-title-header'><div class=\"e-n-accordion-item-title-text\"> Uygulama \u00f6ncesi herhangi bir test gerekir mi? <\/div><\/span>\n\t\t\t\t\t\t\t<span class='e-n-accordion-item-title-icon'>\n\t\t\t<span class='e-opened' ><svg aria-hidden=\"true\" class=\"e-font-icon-svg e-fas-minus\" viewbox=\"0 0 448 512\" xmlns=\"http:\/\/www.w3.org\/2000\/svg\"><path d=\"M416 208H32c-17.67 0-32 14.33-32 32v32c0 17.67 14.33 32 32 32h384c17.67 0 32-14.33 32-32v-32c0-17.67-14.33-32-32-32z\"><\/path><\/svg><\/span>\n\t\t\t<span class='e-closed'><svg aria-hidden=\"true\" class=\"e-font-icon-svg e-fas-plus\" viewbox=\"0 0 448 512\" xmlns=\"http:\/\/www.w3.org\/2000\/svg\"><path d=\"M416 208H272V64c0-17.67-14.33-32-32-32h-32c-17.67 0-32 14.33-32 32v144H32c-17.67 0-32 14.33-32 32v32c0 17.67 14.33 32 32 32h144v144c0 17.67 14.33 32 32 32h32c17.67 0 32-14.33 32-32V304h144c17.67 0 32-14.33 32-32v-32c0-17.67-14.33-32-32-32z\"><\/path><\/svg><\/span>\n\t\t<\/span>\n\n\t\t\t\t\t\t<\/summary>\n\t\t\t\t<div role=\"region\" aria-labelledby=\"e-n-accordion-item-3682\" class=\"elementor-element elementor-element-48d4f891 e-con-full e-flex wpr-particle-no wpr-jarallax-no wpr-parallax-no wpr-sticky-section-no e-con e-child\" data-id=\"48d4f891\" data-element_type=\"container\">\n\t\t\t\t<div class=\"elementor-element elementor-element-22c816e6 elementor-widget elementor-widget-text-editor\" data-id=\"22c816e6\" data-element_type=\"widget\" data-widget_type=\"text-editor.default\">\n\t\t\t\t<div class=\"elementor-widget-container\">\n\t\t\t\t\t\t\t\t\tDolgu i\u00e7in herhangi bir \u00f6n test yapmak gerekmez. Kan suland\u0131r\u0131c\u0131 herhangi bir ila\u00e7 kullan\u0131yorsan\u0131z i\u015flem yap\u0131lan b\u00f6lgelerde morluk ihtimali vard\u0131r. Kan suland\u0131r\u0131c\u0131 ila\u00e7lar\u0131n kesilmesinden 1 hafta sonra yapmak daha do\u011fru olacakt\u0131r.\n\n\t\t\t\t\t\t\t\t<\/div>\n\t\t\t\t<\/div>\n\t\t\t\t<\/div>\n\t\t\t\t\t<\/details>\n\t\t\t\t\t<\/div>\n\t\t\t\t\t\t<\/div>\n\t\t\t\t<\/div>\n\t\t\t\t\t<\/div>\n\t\t\t\t<\/div>\n\t\t<div class=\"elementor-element elementor-element-32fa886e e-flex e-con-boxed wpr-particle-no wpr-jarallax-no wpr-parallax-no wpr-sticky-section-no e-con e-parent\" data-id=\"32fa886e\" data-element_type=\"container\">\n\t\t\t\t\t<div class=\"e-con-inner\">\n\t\t\t\t<div class=\"elementor-element elementor-element-2d1bc6c9 elementor-cta--skin-classic elementor-animated-content elementor-bg-transform elementor-bg-transform-zoom-in elementor-widget elementor-widget-call-to-action\" data-id=\"2d1bc6c9\" data-element_type=\"widget\" data-widget_type=\"call-to-action.default\">\n\t\t\t\t<div class=\"elementor-widget-container\">\n\t\t\t\t\t\t\t<div class=\"elementor-cta\">\n\t\t\t\t\t<div class=\"elementor-cta__bg-wrapper\">\n\t\t\t\t<div class=\"elementor-cta__bg elementor-bg\" style=\"background-image: url(https:\/\/aykutozpur.com\/wp-content\/uploads\/2024\/12\/page-header-bg.jpg);\" role=\"img\" aria-label=\"page-header-bg\"><\/div>\n\t\t\t\t<div class=\"elementor-cta__bg-overlay\"><\/div>\n\t\t\t<\/div>\n\t\t\t\t\t\t\t<div class=\"elementor-cta__content\">\n\t\t\t\t\n\t\t\t\t\t\t\t\t\t<h2 class=\"elementor-cta__title elementor-cta__content-item elementor-content-item\">\n\t\t\t\t\t\t Do you have a question? Contact us\t\t\t\t\t<\/h2>\n\t\t\t\t\n\t\t\t\t\t\t\t\t\t<div class=\"elementor-cta__description elementor-cta__content-item elementor-content-item\">\n\t\t\t\t\t\tQuestions and Appointment\n\t\t\t\t\t<\/div>\n\t\t\t\t\n\t\t\t\t\t\t\t\t\t<div class=\"elementor-cta__button-wrapper elementor-cta__content-item elementor-content-item\">\n\t\t\t\t\t<a class=\"elementor-cta__button elementor-button elementor-size-\" href=\"tel:+90%20212%20546%2090%2090\">\n\t\t\t\t\t\t+90 212 546 90 90\t\t\t\t\t<\/a>\n\t\t\t\t\t<\/div>\n\t\t\t\t\t\t\t<\/div>\n\t\t\t\t\t\t\t<div class=\"elementor-ribbon\">\n\t\t\t\t<div class=\"elementor-ribbon-inner\">B\u0130ZE ULA\u015eIN<\/div>\n\t\t\t<\/div>\n\t\t\t\t<\/div>\n\t\t\t\t\t\t<\/div>\n\t\t\t\t<\/div>\n\t\t\t\t\t<\/div>\n\t\t\t\t<\/div>\n\t\t\t\t<\/div>","protected":false},"excerpt":{"rendered":"<p>Dolgu Dolgu Ameliyats\u0131z y\u00fcz gen\u00e7le\u015ftirmede en s\u0131k uygulanan y\u00f6ntemlerden biri dolgu uygulamalar\u0131d\u0131r. Dolgular tek ba\u015f\u0131na uygulanabilecekleri gibi botoks, prp veya mezoterapilerle birlikte de kombine olarak uygulanabilir. Y\u00fczde en s\u0131k hyal\u00fcronik asit i\u00e7erikli dolgular tercih edilir. hyal\u00fcronik asit dolgular laboratuvar ortam\u0131nda yap\u0131lmak istenen b\u00f6lgenin yap\u0131s\u0131na uygun olarak yo\u011funluklar\u0131 farkl\u0131 olarak \u00fcretilir. \u00d6rne\u011fin dudak \u00fczerindeki ince k\u0131r\u0131\u015f\u0131kl\u0131klar i\u00e7in daha yumu\u015fak dolgular tercih edilirken yanak veya \u00e7ene ucu gibi kemikli ve derin b\u00f6lgelerde daha sert dolgular tercih edilir. Dolgular molek\u00fcler yap\u0131lar\u0131na g\u00f6re farkl\u0131 kal\u0131c\u0131l\u0131ktad\u0131r. Genellikle dudakta tercih edilen dolgular 6-9 ay kal\u0131c\u0131yken yanak ve \u00e7ene dolgular\u0131n\u0131n kal\u0131c\u0131l\u0131\u011f\u0131 2 y\u0131la kadar uzayabilir. uygulanan b\u00f6lgenin hareketi ve bireysel \u00f6zellikler de dolgu kal\u0131c\u0131l\u0131klar\u0131n\u0131 etkiler. Hyal\u00fcronik asit dolgular sadece hacim elde etmek i\u00e7in kullan\u0131lmaz. Molek\u00fcler yap\u0131s\u0131 nedeniyle fazlaca su tutma \u00f6zelli\u011fine sahip bir madde oldu\u011fu i\u00e7in cildin daha taze ve gen\u00e7 g\u00f6r\u00fcnmesini sa\u011flar. Bu nedenle sadece doldurmak, hacim sa\u011flamak i\u00e7in de\u011fil ciltaltl geni\u015f y\u00fczeyli olarak cilt g\u00f6r\u00fcn\u00fcm\u00fcn\u00fc geli\u015ftirmek amac\u0131yla uygulanabilir. \u00c7o\u011fu dolgu i\u00e7erisinde belirli miktarda (uygulama esnas\u0131nda a\u011fr\u0131y\u0131 azaltmak i\u00e7in) lokal uyu\u015fturucu ( anestezik) maddeler i\u00e7erir. Buna ra\u011fmen tamamen a\u011fr\u0131s\u0131z bir uygulama isteniyorsa lokal anestezik kremler veya uygulanacak b\u00f6lge \u00e7evresine lokal anestezi enjeksiyonu yap\u0131labilir. S\u0131k Sorulan Sorular Nas\u0131l uygulan\u0131r? Dolgular klinik \u015fartlar\u0131nda 15-20 dk da uygulanabilir. Uygulama sonras\u0131 g\u00fcnl\u00fck hayat\u0131n\u0131za devam edebilirsiniz. Ben kendi prati\u011fimde daha \u00e7ok i\u011fnelerle de\u011fil ince kan\u00fcllerle uygulamay\u0131 tercih ediyorum. Bu \u015fekilde daha g\u00fcvenli ve hasta konforunun daha iyi oldu\u011funu d\u00fc\u015f\u00fcn\u00fcyorum. \u0130\u015flem sonras\u0131nda so\u011fuk uygulama yap\u0131larak olu\u015fabilecek hafif \u015fi\u015flikler engellenebilir. Dudaklar bir m\u00fcddet uyu\u015fuk olaca\u011f\u0131 i\u00e7in bir ka\u00e7 saat s\u0131cak i\u00e7eceklere ve \u00e7ok so\u011fuk buzlu g\u0131dalara dikkat etmek gerekir. \u0130\u015flem sonras\u0131 lip stick veya ruj kullan\u0131labilir. Dolgular\u0131n y\u00fczde en \u00e7ok uygulan\u0131ld\u0131\u011f\u0131 alanlar nelerdir? &#8211; Dudak dolgunla\u015ft\u0131rma ve kont\u00fcrlerini belirginle\u015ftirme, &#8211; Dudak \u00fczerindeki \u00e7ok ince dikey ve yatay \u00e7izgiler, &#8211; G\u00f6z alt\u0131 ve yanak \u00e7\u00f6k\u00fcnt\u00fcnlerinin doldurulmas\u0131, &#8211; \u00dcst g\u00f6z kapa\u011f\u0131ndaki \u00e7\u00f6k\u00fckl\u00fckler ve ka\u015f pozisyonunun ayarlanmas\u0131, &#8211; \u00c7ene ucunun b\u00fcy\u00fct\u00fclmesi, &#8211; Al\u0131n ve ka\u015f aras\u0131ndaki derin \u00e7izgilerin tedavisi, &#8211; T\u00fcm y\u00fcz cildinde tazelik sa\u011flamak i\u00e7in \u00e7ok az miktarlarda t\u00fcm y\u00fcz derisi alt\u0131na yap\u0131labilir.. Uygulama \u00f6ncesi herhangi bir test gerekir mi? Dolgu i\u00e7in herhangi bir \u00f6n test yapmak gerekmez. Kan suland\u0131r\u0131c\u0131 herhangi bir ila\u00e7 kullan\u0131yorsan\u0131z i\u015flem yap\u0131lan b\u00f6lgelerde morluk ihtimali vard\u0131r. Kan suland\u0131r\u0131c\u0131 ila\u00e7lar\u0131n kesilmesinden 1 hafta sonra yapmak daha do\u011fru olacakt\u0131r. Dolgular klinik \u015fartlar\u0131nda 15-20 dk da uygulanabilir. Uygulama sonras\u0131 g\u00fcnl\u00fck hayat\u0131n\u0131za devam edebilirsiniz. Ben kendi prati\u011fimde daha \u00e7ok i\u011fnelerle de\u011fil ince kan\u00fcllerle uygulamay\u0131 tercih ediyorum. Bu \u015fekilde daha g\u00fcvenli ve hasta konforunun daha iyi oldu\u011funu d\u00fc\u015f\u00fcn\u00fcyorum. \u0130\u015flem sonras\u0131nda so\u011fuk uygulama yap\u0131larak olu\u015fabilecek hafif \u015fi\u015flikler engellenebilir. Dudaklar bir m\u00fcddet uyu\u015fuk olaca\u011f\u0131 i\u00e7in bir ka\u00e7 saat s\u0131cak i\u00e7eceklere ve \u00e7ok so\u011fuk buzlu g\u0131dalara dikkat etmek gerekir. \u0130\u015flem sonras\u0131 lip stick veya ruj kullan\u0131labilir.- Dudak dolgunla\u015ft\u0131rma ve kont\u00fcrlerini belirginle\u015ftirme, &#8211; Dudak \u00fczerindeki \u00e7ok ince dikey ve yatay \u00e7izgiler, &#8211; G\u00f6z alt\u0131 ve yanak \u00e7\u00f6k\u00fcnt\u00fcnlerinin doldurulmas\u0131, &#8211; \u00dcst g\u00f6z kapa\u011f\u0131ndaki \u00e7\u00f6k\u00fckl\u00fckler ve ka\u015f pozisyonunun ayarlanmas\u0131, &#8211; \u00c7ene ucunun b\u00fcy\u00fct\u00fclmesi, &#8211; Al\u0131n ve ka\u015f aras\u0131ndaki derin \u00e7izgilerin tedavisi, &#8211; T\u00fcm y\u00fcz cildinde tazelik sa\u011flamak i\u00e7in \u00e7ok az miktarlarda t\u00fcm y\u00fcz derisi alt\u0131na yap\u0131labilir.. Dolgu i\u00e7in herhangi bir \u00f6n test yapmak gerekmez. Kan suland\u0131r\u0131c\u0131 herhangi bir ila\u00e7 kullan\u0131yorsan\u0131z i\u015flem yap\u0131lan b\u00f6lgelerde morluk ihtimali vard\u0131r. Kan suland\u0131r\u0131c\u0131 ila\u00e7lar\u0131n kesilmesinden 1 hafta sonra yapmak daha do\u011fru olacakt\u0131r. Sorunuz mu var? Bize Ula\u015f\u0131n Sorular\u0131n\u0131z ve Randevu i\u00e7in +90 212 546 90 90 B\u0130ZE ULA\u015eIN<\/p>","protected":false},"author":1,"featured_media":368,"parent":0,"menu_order":0,"comment_status":"closed","ping_status":"closed","template":"","meta":{"site-sidebar-layout":"no-sidebar","site-content-layout":"","ast-site-content-layout":"full-width-container","site-content-style":"default","site-sidebar-style":"default","ast-global-header-display":"","ast-banner-title-visibility":"","ast-main-header-display":"","ast-hfb-above-header-display":"","ast-hfb-below-header-display":"","ast-hfb-mobile-header-display":"","site-post-title":"disabled","ast-breadcrumbs-content":"","ast-featured-img":"disabled","footer-sml-layout":"","theme-transparent-header-meta":"default","adv-header-id-meta":"","stick-header-meta":"","header-above-stick-meta":"","header-main-stick-meta":"","header-below-stick-meta":"","astra-migrate-meta-layouts":"set","ast-page-background-enabled":"default","ast-page-background-meta":{"desktop":{"background-color":"var(--ast-global-color-4)","background-image":"","background-repeat":"repeat","background-position":"center center","background-size":"auto","background-attachment":"scroll","background-type":"","background-media":"","overlay-type":"","overlay-color":"","overlay-opacity":"","overlay-gradient":""},"tablet":{"background-color":"","background-image":"","background-repeat":"repeat","background-position":"center center","background-size":"auto","background-attachment":"scroll","background-type":"","background-media":"","overlay-type":"","overlay-color":"","overlay-opacity":"","overlay-gradient":""},"mobile":{"background-color":"","background-image":"","background-repeat":"repeat","background-position":"center center","background-size":"auto","background-attachment":"scroll","background-type":"","background-media":"","overlay-type":"","overlay-color":"","overlay-opacity":"","overlay-gradient":""}},"ast-content-background-meta":{"desktop":{"background-color":"var(--ast-global-color-5)","background-image":"","background-repeat":"repeat","background-position":"center center","background-size":"auto","background-attachment":"scroll","background-type":"","background-media":"","overlay-type":"","overlay-color":"","overlay-opacity":"","overlay-gradient":""},"tablet":{"background-color":"var(--ast-global-color-5)","background-image":"","background-repeat":"repeat","background-position":"center center","background-size":"auto","background-attachment":"scroll","background-type":"","background-media":"","overlay-type":"","overlay-color":"","overlay-opacity":"","overlay-gradient":""},"mobile":{"background-color":"var(--ast-global-color-5)","background-image":"","background-repeat":"repeat","background-position":"center center","background-size":"auto","background-attachment":"scroll","background-type":"","background-media":"","overlay-type":"","overlay-color":"","overlay-opacity":"","overlay-gradient":""}},"footnotes":""},"class_list":["post-155","page","type-page","status-publish","has-post-thumbnail","hentry"],"_links":{"self":[{"href":"https:\/\/aykutozpur.com\/en\/wp-json\/wp\/v2\/pages\/155","targetHints":{"allow":["GET"]}}],"collection":[{"href":"https:\/\/aykutozpur.com\/en\/wp-json\/wp\/v2\/pages"}],"about":[{"href":"https:\/\/aykutozpur.com\/en\/wp-json\/wp\/v2\/types\/page"}],"author":[{"embeddable":true,"href":"https:\/\/aykutozpur.com\/en\/wp-json\/wp\/v2\/users\/1"}],"replies":[{"embeddable":true,"href":"https:\/\/aykutozpur.com\/en\/wp-json\/wp\/v2\/comments?post=155"}],"version-history":[{"count":4,"href":"https:\/\/aykutozpur.com\/en\/wp-json\/wp\/v2\/pages\/155\/revisions"}],"predecessor-version":[{"id":374,"href":"https:\/\/aykutozpur.com\/en\/wp-json\/wp\/v2\/pages\/155\/revisions\/374"}],"wp:featuredmedia":[{"embeddable":true,"href":"https:\/\/aykutozpur.com\/en\/wp-json\/wp\/v2\/media\/368"}],"wp:attachment":[{"href":"https:\/\/aykutozpur.com\/en\/wp-json\/wp\/v2\/media?parent=155"}],"curies":[{"name":"wp","href":"https:\/\/api.w.org\/{rel}","templated":true}]}}