{"id":153,"date":"2024-11-22T09:01:56","date_gmt":"2024-11-22T09:01:56","guid":{"rendered":"https:\/\/aykutozpur.bifollow.com\/?page_id=153"},"modified":"2024-12-11T08:24:07","modified_gmt":"2024-12-11T08:24:07","slug":"popo-estetigi","status":"publish","type":"page","link":"https:\/\/aykutozpur.com\/en\/popo-estetigi\/","title":{"rendered":"Butt Aesthetics"},"content":{"rendered":"<div data-elementor-type=\"wp-page\" data-elementor-id=\"153\" class=\"elementor elementor-153\" data-elementor-post-type=\"page\">\n\t\t\t\t<div class=\"elementor-element elementor-element-13b70685 e-flex e-con-boxed wpr-particle-no wpr-jarallax-no wpr-parallax-no wpr-sticky-section-no e-con e-parent\" data-id=\"13b70685\" data-element_type=\"container\" data-settings=\"{&quot;background_background&quot;:&quot;classic&quot;,&quot;shape_divider_bottom&quot;:&quot;triangle&quot;,&quot;shape_divider_bottom_negative&quot;:&quot;yes&quot;}\">\n\t\t\t\t\t<div class=\"e-con-inner\">\n\t\t\t\t<div class=\"elementor-shape elementor-shape-bottom\" aria-hidden=\"true\" data-negative=\"true\">\n\t\t\t<svg xmlns=\"http:\/\/www.w3.org\/2000\/svg\" viewbox=\"0 0 1000 100\" preserveaspectratio=\"none\">\n\t<path class=\"elementor-shape-fill\" d=\"M500.2,94.7L0,0v100h1000V0L500.2,94.7z\"\/>\n<\/svg>\t\t<\/div>\n\t\t\t\t<div class=\"elementor-element elementor-element-27f749ec elementor-widget elementor-widget-heading\" data-id=\"27f749ec\" data-element_type=\"widget\" data-widget_type=\"heading.default\">\n\t\t\t\t<div class=\"elementor-widget-container\">\n\t\t\t\t\t<h1 class=\"elementor-heading-title elementor-size-default\">Butt Aesthetics<\/h1>\t\t\t\t<\/div>\n\t\t\t\t<\/div>\n\t\t\t\t\t<\/div>\n\t\t\t\t<\/div>\n\t\t<div class=\"elementor-element elementor-element-16fc4cf9 e-flex e-con-boxed wpr-particle-no wpr-jarallax-no wpr-parallax-no wpr-sticky-section-no e-con e-parent\" data-id=\"16fc4cf9\" data-element_type=\"container\">\n\t\t\t\t\t<div class=\"e-con-inner\">\n\t\t\t\t<div class=\"elementor-element elementor-element-49c2dd4c elementor-widget elementor-widget-image\" data-id=\"49c2dd4c\" data-element_type=\"widget\" data-widget_type=\"image.default\">\n\t\t\t\t<div class=\"elementor-widget-container\">\n\t\t\t\t\t\t\t\t\t\t\t\t\t\t\t<img fetchpriority=\"high\" decoding=\"async\" width=\"770\" height=\"457\" src=\"https:\/\/aykutozpur.com\/wp-content\/uploads\/2024\/12\/preservation-rhinoplasty-2.jpg\" class=\"attachment-full size-full wp-image-260\" alt=\"\" srcset=\"https:\/\/aykutozpur.com\/wp-content\/uploads\/2024\/12\/preservation-rhinoplasty-2.jpg 770w, https:\/\/aykutozpur.com\/wp-content\/uploads\/2024\/12\/preservation-rhinoplasty-2-300x178.jpg 300w, https:\/\/aykutozpur.com\/wp-content\/uploads\/2024\/12\/preservation-rhinoplasty-2-768x456.jpg 768w\" sizes=\"(max-width: 770px) 100vw, 770px\" \/>\t\t\t\t\t\t\t\t\t\t\t\t\t\t\t<\/div>\n\t\t\t\t<\/div>\n\t\t\t\t<div class=\"elementor-element elementor-element-2bcc7eda elementor-widget elementor-widget-text-editor\" data-id=\"2bcc7eda\" data-element_type=\"widget\" data-widget_type=\"text-editor.default\">\n\t\t\t\t<div class=\"elementor-widget-container\">\n\t\t\t\t\t\t\t\t\t<h3>Butt Aesthetics<\/h3><p>Buttock aesthetics is a cosmetic surgery procedure performed to improve the shape and size of the buttocks. The aim of buttock aesthetics is to make the buttocks look fuller, higher and more symmetrical. Buttock aesthetics can generally be considered in 3 different groups. These are;<\/p><p class=\"translation-block\">Buttock lift<br>Buttock reduction<br>Buttock shaping<br>All three aesthetic procedures use advanced methods and techniques to help the patient achieve the desired appearance.<\/p><h4>Butt Lift<\/h4><p>Buttock lift is one of the most preferred buttock aesthetic methods in our country and in the world. This operation, which is performed to give the buttocks a more upright appearance, also provides plumping of the buttocks. The patient's own fat is used to lift the buttocks. This prevents allergic reactions and increases the permanence of the operation.<\/p><h4>Butt Reduction<\/h4><p>Excess fat accumulation in the buttock area due to weight gain or genetic factors can be disturbing for the person. Buttock reduction aesthetics aim to achieve the desired appearance by removing excess fat tissue and, if necessary, excess skin from the buttock area. This operation is performed under general anesthesia.<\/p><h4>Butt Shaping<\/h4><p>Buttock shaping surgery is an operation performed for patients who want to have a rounder and more aesthetically pleasing buttock appearance. Fat injection is generally used in this operation. With liposuction, fat tissue taken from different parts of the body is placed in the needed areas in the buttock area and the desired appearance is aimed to emerge in the buttock. Since the person's own fat tissue is used in this procedure, it is an extremely safe procedure.<\/p>\t\t\t\t\t\t\t\t<\/div>\n\t\t\t\t<\/div>\n\t\t\t\t\t<\/div>\n\t\t\t\t<\/div>\n\t\t<div class=\"elementor-element elementor-element-3060d03e e-flex e-con-boxed wpr-particle-no wpr-jarallax-no wpr-parallax-no wpr-sticky-section-no e-con e-parent\" data-id=\"3060d03e\" data-element_type=\"container\">\n\t\t\t\t\t<div class=\"e-con-inner\">\n\t\t\t\t<div class=\"elementor-element elementor-element-77c472ab elementor-widget elementor-widget-heading\" data-id=\"77c472ab\" data-element_type=\"widget\" data-widget_type=\"heading.default\">\n\t\t\t\t<div class=\"elementor-widget-container\">\n\t\t\t\t\t<h2 class=\"elementor-heading-title elementor-size-default\">Frequently Asked Questions\n<\/h2>\t\t\t\t<\/div>\n\t\t\t\t<\/div>\n\t\t\t\t<div class=\"elementor-element elementor-element-2b91bf69 elementor-widget elementor-widget-n-accordion\" data-id=\"2b91bf69\" data-element_type=\"widget\" data-settings=\"{&quot;default_state&quot;:&quot;expanded&quot;,&quot;max_items_expended&quot;:&quot;one&quot;,&quot;n_accordion_animation_duration&quot;:{&quot;unit&quot;:&quot;ms&quot;,&quot;size&quot;:400,&quot;sizes&quot;:[]}}\" data-widget_type=\"nested-accordion.default\">\n\t\t\t\t<div class=\"elementor-widget-container\">\n\t\t\t\t\t\t\t<div class=\"e-n-accordion\" aria-label=\"Accordion. Open links with Enter or Space, close with Escape, and navigate with Arrow Keys\">\n\t\t\t\t\t\t<details id=\"e-n-accordion-item-7300\" class=\"e-n-accordion-item\" open>\n\t\t\t\t<summary class=\"e-n-accordion-item-title\" data-accordion-index=\"1\" tabindex=\"0\" aria-expanded=\"true\" aria-controls=\"e-n-accordion-item-7300\" >\n\t\t\t\t\t<span class='e-n-accordion-item-title-header'><div class=\"e-n-accordion-item-title-text\"> Is buttock aesthetics with fat injection a permanent operation? <\/div><\/span>\n\t\t\t\t\t\t\t<span class='e-n-accordion-item-title-icon'>\n\t\t\t<span class='e-opened' ><svg aria-hidden=\"true\" class=\"e-font-icon-svg e-fas-minus\" viewbox=\"0 0 448 512\" xmlns=\"http:\/\/www.w3.org\/2000\/svg\"><path d=\"M416 208H32c-17.67 0-32 14.33-32 32v32c0 17.67 14.33 32 32 32h384c17.67 0 32-14.33 32-32v-32c0-17.67-14.33-32-32-32z\"><\/path><\/svg><\/span>\n\t\t\t<span class='e-closed'><svg aria-hidden=\"true\" class=\"e-font-icon-svg e-fas-plus\" viewbox=\"0 0 448 512\" xmlns=\"http:\/\/www.w3.org\/2000\/svg\"><path d=\"M416 208H272V64c0-17.67-14.33-32-32-32h-32c-17.67 0-32 14.33-32 32v144H32c-17.67 0-32 14.33-32 32v32c0 17.67 14.33 32 32 32h144v144c0 17.67 14.33 32 32 32h32c17.67 0 32-14.33 32-32V304h144c17.67 0 32-14.33 32-32v-32c0-17.67-14.33-32-32-32z\"><\/path><\/svg><\/span>\n\t\t<\/span>\n\n\t\t\t\t\t\t<\/summary>\n\t\t\t\t<div role=\"region\" aria-labelledby=\"e-n-accordion-item-7300\" class=\"elementor-element elementor-element-1954d760 e-con-full e-flex wpr-particle-no wpr-jarallax-no wpr-parallax-no wpr-sticky-section-no e-con e-child\" data-id=\"1954d760\" data-element_type=\"container\">\n\t\t\t\t<div class=\"elementor-element elementor-element-a13de2b elementor-widget elementor-widget-text-editor\" data-id=\"a13de2b\" data-element_type=\"widget\" data-widget_type=\"text-editor.default\">\n\t\t\t\t<div class=\"elementor-widget-container\">\n\t\t\t\t\t\t\t\t\tKi\u015finin kendi ya\u011f dokusuyla yap\u0131lan popo esteti\u011finin kal\u0131c\u0131l\u0131\u011f\u0131 dokular\u0131n beslenmesine g\u00f6re de\u011fi\u015fiklik g\u00f6sterir. Bunu ki\u015finin ya\u015f\u0131, al\u0131\u015fkanl\u0131klar\u0131, konulan ya\u011f miktar\u0131 vs. etkilemektedir. Konulan ya\u011f dokusunda bir miktar erime olmakla beraber geriye kalan dokular kal\u0131c\u0131 olur.\t\t\t\t\t\t\t\t<\/div>\n\t\t\t\t<\/div>\n\t\t\t\t<\/div>\n\t\t\t\t\t<\/details>\n\t\t\t\t\t\t<details id=\"e-n-accordion-item-7301\" class=\"e-n-accordion-item\" >\n\t\t\t\t<summary class=\"e-n-accordion-item-title\" data-accordion-index=\"2\" tabindex=\"-1\" aria-expanded=\"false\" aria-controls=\"e-n-accordion-item-7301\" >\n\t\t\t\t\t<span class='e-n-accordion-item-title-header'><div class=\"e-n-accordion-item-title-text\"> What is the recovery process like after butt aesthetics? <\/div><\/span>\n\t\t\t\t\t\t\t<span class='e-n-accordion-item-title-icon'>\n\t\t\t<span class='e-opened' ><svg aria-hidden=\"true\" class=\"e-font-icon-svg e-fas-minus\" viewbox=\"0 0 448 512\" xmlns=\"http:\/\/www.w3.org\/2000\/svg\"><path d=\"M416 208H32c-17.67 0-32 14.33-32 32v32c0 17.67 14.33 32 32 32h384c17.67 0 32-14.33 32-32v-32c0-17.67-14.33-32-32-32z\"><\/path><\/svg><\/span>\n\t\t\t<span class='e-closed'><svg aria-hidden=\"true\" class=\"e-font-icon-svg e-fas-plus\" viewbox=\"0 0 448 512\" xmlns=\"http:\/\/www.w3.org\/2000\/svg\"><path d=\"M416 208H272V64c0-17.67-14.33-32-32-32h-32c-17.67 0-32 14.33-32 32v144H32c-17.67 0-32 14.33-32 32v32c0 17.67 14.33 32 32 32h144v144c0 17.67 14.33 32 32 32h32c17.67 0 32-14.33 32-32V304h144c17.67 0 32-14.33 32-32v-32c0-17.67-14.33-32-32-32z\"><\/path><\/svg><\/span>\n\t\t<\/span>\n\n\t\t\t\t\t\t<\/summary>\n\t\t\t\t<div role=\"region\" aria-labelledby=\"e-n-accordion-item-7301\" class=\"elementor-element elementor-element-4f6ed97c e-con-full e-flex wpr-particle-no wpr-jarallax-no wpr-parallax-no wpr-sticky-section-no e-con e-child\" data-id=\"4f6ed97c\" data-element_type=\"container\">\n\t\t\t\t<div class=\"elementor-element elementor-element-7d2468a8 elementor-widget elementor-widget-text-editor\" data-id=\"7d2468a8\" data-element_type=\"widget\" data-widget_type=\"text-editor.default\">\n\t\t\t\t<div class=\"elementor-widget-container\">\n\t\t\t\t\t\t\t\t\tAfter the surgery, it is recommended not to sit on the operation area for a few weeks and to lie face down or slightly on the side. The use of a corset for 6-8 weeks and some lifestyle changes and medications are recommended to increase permanence.\t\t\t\t\t\t\t\t<\/div>\n\t\t\t\t<\/div>\n\t\t\t\t<\/div>\n\t\t\t\t\t<\/details>\n\t\t\t\t\t\t<details id=\"e-n-accordion-item-7302\" class=\"e-n-accordion-item\" >\n\t\t\t\t<summary class=\"e-n-accordion-item-title\" data-accordion-index=\"3\" tabindex=\"-1\" aria-expanded=\"false\" aria-controls=\"e-n-accordion-item-7302\" >\n\t\t\t\t\t<span class='e-n-accordion-item-title-header'><div class=\"e-n-accordion-item-title-text\"> What is buttock aesthetics with silicone buttock implants? <\/div><\/span>\n\t\t\t\t\t\t\t<span class='e-n-accordion-item-title-icon'>\n\t\t\t<span class='e-opened' ><svg aria-hidden=\"true\" class=\"e-font-icon-svg e-fas-minus\" viewbox=\"0 0 448 512\" xmlns=\"http:\/\/www.w3.org\/2000\/svg\"><path d=\"M416 208H32c-17.67 0-32 14.33-32 32v32c0 17.67 14.33 32 32 32h384c17.67 0 32-14.33 32-32v-32c0-17.67-14.33-32-32-32z\"><\/path><\/svg><\/span>\n\t\t\t<span class='e-closed'><svg aria-hidden=\"true\" class=\"e-font-icon-svg e-fas-plus\" viewbox=\"0 0 448 512\" xmlns=\"http:\/\/www.w3.org\/2000\/svg\"><path d=\"M416 208H272V64c0-17.67-14.33-32-32-32h-32c-17.67 0-32 14.33-32 32v144H32c-17.67 0-32 14.33-32 32v32c0 17.67 14.33 32 32 32h144v144c0 17.67 14.33 32 32 32h32c17.67 0 32-14.33 32-32V304h144c17.67 0 32-14.33 32-32v-32c0-17.67-14.33-32-32-32z\"><\/path><\/svg><\/span>\n\t\t<\/span>\n\n\t\t\t\t\t\t<\/summary>\n\t\t\t\t<div role=\"region\" aria-labelledby=\"e-n-accordion-item-7302\" class=\"elementor-element elementor-element-61df1763 e-con-full e-flex wpr-particle-no wpr-jarallax-no wpr-parallax-no wpr-sticky-section-no e-con e-child\" data-id=\"61df1763\" data-element_type=\"container\">\n\t\t\t\t<div class=\"elementor-element elementor-element-60cce71d elementor-widget elementor-widget-text-editor\" data-id=\"60cce71d\" data-element_type=\"widget\" data-widget_type=\"text-editor.default\">\n\t\t\t\t<div class=\"elementor-widget-container\">\n\t\t\t\t\t\t\t\t\tIt is the process of placing a silicone prosthesis in the buttock area for buttock shaping purposes. It can be preferred in people with insufficient fat tissue.\t\t\t\t\t\t\t\t<\/div>\n\t\t\t\t<\/div>\n\t\t\t\t<\/div>\n\t\t\t\t\t<\/details>\n\t\t\t\t\t<\/div>\n\t\t\t\t\t\t<\/div>\n\t\t\t\t<\/div>\n\t\t\t\t\t<\/div>\n\t\t\t\t<\/div>\n\t\t<div class=\"elementor-element elementor-element-232f71a2 e-flex e-con-boxed wpr-particle-no wpr-jarallax-no wpr-parallax-no wpr-sticky-section-no e-con e-parent\" data-id=\"232f71a2\" data-element_type=\"container\">\n\t\t\t\t\t<div class=\"e-con-inner\">\n\t\t\t\t<div class=\"elementor-element elementor-element-5a8da254 elementor-cta--skin-classic elementor-animated-content elementor-bg-transform elementor-bg-transform-zoom-in elementor-widget elementor-widget-call-to-action\" data-id=\"5a8da254\" data-element_type=\"widget\" data-widget_type=\"call-to-action.default\">\n\t\t\t\t<div class=\"elementor-widget-container\">\n\t\t\t\t\t\t\t<div class=\"elementor-cta\">\n\t\t\t\t\t<div class=\"elementor-cta__bg-wrapper\">\n\t\t\t\t<div class=\"elementor-cta__bg elementor-bg\" style=\"background-image: url(https:\/\/aykutozpur.com\/wp-content\/uploads\/2024\/12\/page-header-bg.jpg);\" role=\"img\" aria-label=\"page-header-bg\"><\/div>\n\t\t\t\t<div class=\"elementor-cta__bg-overlay\"><\/div>\n\t\t\t<\/div>\n\t\t\t\t\t\t\t<div class=\"elementor-cta__content\">\n\t\t\t\t\n\t\t\t\t\t\t\t\t\t<h2 class=\"elementor-cta__title elementor-cta__content-item elementor-content-item\">\n\t\t\t\t\t\t Do you have a question? Contact us\t\t\t\t\t<\/h2>\n\t\t\t\t\n\t\t\t\t\t\t\t\t\t<div class=\"elementor-cta__description elementor-cta__content-item elementor-content-item\">\n\t\t\t\t\t\tQuestions and Appointment\n\t\t\t\t\t<\/div>\n\t\t\t\t\n\t\t\t\t\t\t\t\t\t<div class=\"elementor-cta__button-wrapper elementor-cta__content-item elementor-content-item\">\n\t\t\t\t\t<a class=\"elementor-cta__button elementor-button elementor-size-\" href=\"tel:+90%20212%20546%2090%2090\">\n\t\t\t\t\t\t+90 212 546 90 90\t\t\t\t\t<\/a>\n\t\t\t\t\t<\/div>\n\t\t\t\t\t\t\t<\/div>\n\t\t\t\t\t\t\t<div class=\"elementor-ribbon\">\n\t\t\t\t<div class=\"elementor-ribbon-inner\">B\u0130ZE ULA\u015eIN<\/div>\n\t\t\t<\/div>\n\t\t\t\t<\/div>\n\t\t\t\t\t\t<\/div>\n\t\t\t\t<\/div>\n\t\t\t\t\t<\/div>\n\t\t\t\t<\/div>\n\t\t\t\t<\/div>","protected":false},"excerpt":{"rendered":"<p>Popo Esteti\u011fi Popo Esteti\u011fi Popo esteti\u011fi kal\u00e7alar\u0131n \u015feklini ve boyutunu iyile\u015ftirmek i\u00e7in yap\u0131lan estetik cerrahi i\u015flemdir. Pop esteti\u011fi ile poponun daha dolgun, daha y\u00fcksek ve daha simetrik bir g\u00f6r\u00fcnt\u00fcye kavu\u015fturulmas\u0131 ama\u00e7lanmaktad\u0131r. Popo esteti\u011fi i\u00e7in genel olarak 3 farkl\u0131 grupta ele al\u0131nabilir. Bunlar; Popo dikle\u015ftirmePopo k\u00fc\u00e7\u00fcltmePopo \u015fekillendirmeHer \u00fc\u00e7 estetik prosed\u00fcrde de geli\u015fmi\u015f y\u00f6ntem ve teknikler kullan\u0131larak hastan\u0131n arzu etti\u011fi g\u00f6r\u00fcn\u00fcm\u00fc elde etmesi ama\u00e7lanmaktad\u0131r. Popo Dikle\u015ftirme \u00dclkemizde ve d\u00fcnyada en \u00e7ok tercih edilen popo esteti\u011fi y\u00f6ntemlerinin ba\u015f\u0131nda popo dikle\u015ftirme gelmektedir. Poponun daha dik bir g\u00f6r\u00fcn\u00fcm kazanmas\u0131 i\u00e7in yap\u0131lan bu operasyonda ayn\u0131 zamanda poponun dolgunla\u015ft\u0131r\u0131lmas\u0131 da sa\u011flanmaktad\u0131r. Poponun dikle\u015ftirilmesi amac\u0131yla hastan\u0131n kendi ya\u011flar\u0131 kullan\u0131lmaktad\u0131r. Bu alerjik reaksiyonlar\u0131n \u00f6n\u00fcne ge\u00e7erken operasyonun kal\u0131c\u0131l\u0131\u011f\u0131n\u0131 da art\u0131rmaktad\u0131r. Popo K\u00fc\u00e7\u00fcltme Kilo almaya ya da genetik fakt\u00f6rlere ba\u011fl\u0131 olarak popo b\u00f6lgesinde fazla ya\u011f birikimi ki\u015fiyi rahats\u0131z edebilmektedir. Popo k\u00fc\u00e7\u00fcltme esteti\u011fi ile popo b\u00f6lgesinden fazla ya\u011f dokusu ve gerekirse fazla deri \u00e7\u0131kar\u0131larak istenilen g\u00f6r\u00fcn\u00fcm\u00fcn elde edilmesi ama\u00e7lanmaktad\u0131r. Bu operasyon genel anestezi ile yap\u0131lmaktad\u0131r. Popo \u015eekillendirme Popo \u015fekillendirme operasyonu daha yuvarlak ve estetik a\u00e7\u0131dan daha g\u00fczel g\u00f6r\u00fcnen popo g\u00f6r\u00fcnt\u00fcs\u00fcne sahip olmak isteyen hastalar i\u00e7in uygulanan bir operasyondur. Bu operasyonda genel olarak ya\u011f enjeksiyonu kullan\u0131lmaktad\u0131r. Liposuction ile v\u00fccudun farkl\u0131 b\u00f6lgelerinden al\u0131nan ya\u011f dokusu popo b\u00f6lgesinde ihtiya\u00e7 duyulan yerlere yerle\u015ftirilerek popoda istenilen g\u00f6r\u00fcn\u00fcm\u00fcn ortaya \u00e7\u0131kmas\u0131 ama\u00e7lan\u0131r. Bu i\u015flemde ki\u015finin kendi ya\u011f dokusu kullan\u0131ld\u0131\u011f\u0131 i\u00e7in son derece g\u00fcvenli bir i\u015flemdir. S\u0131k Sorulan Sorular Ya\u011f enjeksiyonu ile popo esteti\u011fi kal\u0131c\u0131 bir operasyon mudur? Ki\u015finin kendi ya\u011f dokusuyla yap\u0131lan popo esteti\u011finin kal\u0131c\u0131l\u0131\u011f\u0131 dokular\u0131n beslenmesine g\u00f6re de\u011fi\u015fiklik g\u00f6sterir. Bunu ki\u015finin ya\u015f\u0131, al\u0131\u015fkanl\u0131klar\u0131, konulan ya\u011f miktar\u0131 vs. etkilemektedir. Konulan ya\u011f dokusunda bir miktar erime olmakla beraber geriye kalan dokular kal\u0131c\u0131 olur. Popo esteti\u011fi sonras\u0131 iyile\u015fme s\u00fcreci nas\u0131ld\u0131r? Ameliyat sonras\u0131nda birka\u00e7 hafta operasyon b\u00f6lgesi \u00fczerine oturmamak, y\u00fcz\u00fcst\u00fc veya hafif yan yat\u0131\u015f pozisyonunda olmak \u00f6nerilir. 6-8 hafta korse kullan\u0131m\u0131 ve kal\u0131c\u0131l\u0131\u011f\u0131 art\u0131rmak i\u00e7in baz\u0131 ya\u015fam tarz\u0131 de\u011fi\u015fiklikleri ve ila\u00e7lar \u00f6nerilir. Silikon popo protezi ile popo esteti\u011fi nedir? Popo \u015fekillendirme amac\u0131yla, popo b\u00f6lgesine silikon protez yerle\u015ftirilmesi i\u015flemidir. Ya\u011f dokusunun yetersiz oldu\u011fu ki\u015filerde tercih edilebilir. Ki\u015finin kendi ya\u011f dokusuyla yap\u0131lan popo esteti\u011finin kal\u0131c\u0131l\u0131\u011f\u0131 dokular\u0131n beslenmesine g\u00f6re de\u011fi\u015fiklik g\u00f6sterir. Bunu ki\u015finin ya\u015f\u0131, al\u0131\u015fkanl\u0131klar\u0131, konulan ya\u011f miktar\u0131 vs. etkilemektedir. Konulan ya\u011f dokusunda bir miktar erime olmakla beraber geriye kalan dokular kal\u0131c\u0131 olur.Ameliyat sonras\u0131nda birka\u00e7 hafta operasyon b\u00f6lgesi \u00fczerine oturmamak, y\u00fcz\u00fcst\u00fc veya hafif yan yat\u0131\u015f pozisyonunda olmak \u00f6nerilir. 6-8 hafta korse kullan\u0131m\u0131 ve kal\u0131c\u0131l\u0131\u011f\u0131 art\u0131rmak i\u00e7in baz\u0131 ya\u015fam tarz\u0131 de\u011fi\u015fiklikleri ve ila\u00e7lar \u00f6nerilir.Popo \u015fekillendirme amac\u0131yla, popo b\u00f6lgesine silikon protez yerle\u015ftirilmesi i\u015flemidir. Ya\u011f dokusunun yetersiz oldu\u011fu ki\u015filerde tercih edilebilir. Sorunuz mu var? Bize Ula\u015f\u0131n Sorular\u0131n\u0131z ve Randevu i\u00e7in +90 212 546 90 90 B\u0130ZE ULA\u015eIN<\/p>","protected":false},"author":1,"featured_media":208,"parent":0,"menu_order":0,"comment_status":"closed","ping_status":"closed","template":"","meta":{"site-sidebar-layout":"no-sidebar","site-content-layout":"","ast-site-content-layout":"full-width-container","site-content-style":"default","site-sidebar-style":"default","ast-global-header-display":"","ast-banner-title-visibility":"","ast-main-header-display":"","ast-hfb-above-header-display":"","ast-hfb-below-header-display":"","ast-hfb-mobile-header-display":"","site-post-title":"disabled","ast-breadcrumbs-content":"","ast-featured-img":"disabled","footer-sml-layout":"","theme-transparent-header-meta":"default","adv-header-id-meta":"","stick-header-meta":"","header-above-stick-meta":"","header-main-stick-meta":"","header-below-stick-meta":"","astra-migrate-meta-layouts":"set","ast-page-background-enabled":"default","ast-page-background-meta":{"desktop":{"background-color":"var(--ast-global-color-4)","background-image":"","background-repeat":"repeat","background-position":"center center","background-size":"auto","background-attachment":"scroll","background-type":"","background-media":"","overlay-type":"","overlay-color":"","overlay-opacity":"","overlay-gradient":""},"tablet":{"background-color":"","background-image":"","background-repeat":"repeat","background-position":"center center","background-size":"auto","background-attachment":"scroll","background-type":"","background-media":"","overlay-type":"","overlay-color":"","overlay-opacity":"","overlay-gradient":""},"mobile":{"background-color":"","background-image":"","background-repeat":"repeat","background-position":"center center","background-size":"auto","background-attachment":"scroll","background-type":"","background-media":"","overlay-type":"","overlay-color":"","overlay-opacity":"","overlay-gradient":""}},"ast-content-background-meta":{"desktop":{"background-color":"var(--ast-global-color-5)","background-image":"","background-repeat":"repeat","background-position":"center center","background-size":"auto","background-attachment":"scroll","background-type":"","background-media":"","overlay-type":"","overlay-color":"","overlay-opacity":"","overlay-gradient":""},"tablet":{"background-color":"var(--ast-global-color-5)","background-image":"","background-repeat":"repeat","background-position":"center center","background-size":"auto","background-attachment":"scroll","background-type":"","background-media":"","overlay-type":"","overlay-color":"","overlay-opacity":"","overlay-gradient":""},"mobile":{"background-color":"var(--ast-global-color-5)","background-image":"","background-repeat":"repeat","background-position":"center center","background-size":"auto","background-attachment":"scroll","background-type":"","background-media":"","overlay-type":"","overlay-color":"","overlay-opacity":"","overlay-gradient":""}},"footnotes":""},"class_list":["post-153","page","type-page","status-publish","has-post-thumbnail","hentry"],"_links":{"self":[{"href":"https:\/\/aykutozpur.com\/en\/wp-json\/wp\/v2\/pages\/153","targetHints":{"allow":["GET"]}}],"collection":[{"href":"https:\/\/aykutozpur.com\/en\/wp-json\/wp\/v2\/pages"}],"about":[{"href":"https:\/\/aykutozpur.com\/en\/wp-json\/wp\/v2\/types\/page"}],"author":[{"embeddable":true,"href":"https:\/\/aykutozpur.com\/en\/wp-json\/wp\/v2\/users\/1"}],"replies":[{"embeddable":true,"href":"https:\/\/aykutozpur.com\/en\/wp-json\/wp\/v2\/comments?post=153"}],"version-history":[{"count":4,"href":"https:\/\/aykutozpur.com\/en\/wp-json\/wp\/v2\/pages\/153\/revisions"}],"predecessor-version":[{"id":364,"href":"https:\/\/aykutozpur.com\/en\/wp-json\/wp\/v2\/pages\/153\/revisions\/364"}],"wp:featuredmedia":[{"embeddable":true,"href":"https:\/\/aykutozpur.com\/en\/wp-json\/wp\/v2\/media\/208"}],"wp:attachment":[{"href":"https:\/\/aykutozpur.com\/en\/wp-json\/wp\/v2\/media?parent=153"}],"curies":[{"name":"wp","href":"https:\/\/api.w.org\/{rel}","templated":true}]}}