{"id":15,"date":"2024-11-21T17:14:46","date_gmt":"2024-11-21T17:14:46","guid":{"rendered":"https:\/\/aykutozpur.bifollow.com\/?page_id=15"},"modified":"2024-12-11T08:38:43","modified_gmt":"2024-12-11T08:38:43","slug":"ekibimiz","status":"publish","type":"page","link":"https:\/\/aykutozpur.com\/en\/ekibimiz\/","title":{"rendered":"Our Team"},"content":{"rendered":"<div data-elementor-type=\"wp-page\" data-elementor-id=\"15\" class=\"elementor elementor-15\" data-elementor-post-type=\"page\">\n\t\t\t\t<div class=\"elementor-element elementor-element-7c93c8b e-flex e-con-boxed wpr-particle-no wpr-jarallax-no wpr-parallax-no wpr-sticky-section-no e-con e-parent\" data-id=\"7c93c8b\" data-element_type=\"container\" data-settings=\"{&quot;background_background&quot;:&quot;classic&quot;,&quot;shape_divider_bottom&quot;:&quot;triangle&quot;,&quot;shape_divider_bottom_negative&quot;:&quot;yes&quot;}\">\n\t\t\t\t\t<div class=\"e-con-inner\">\n\t\t\t\t<div class=\"elementor-shape elementor-shape-bottom\" aria-hidden=\"true\" data-negative=\"true\">\n\t\t\t<svg xmlns=\"http:\/\/www.w3.org\/2000\/svg\" viewbox=\"0 0 1000 100\" preserveaspectratio=\"none\">\n\t<path class=\"elementor-shape-fill\" d=\"M500.2,94.7L0,0v100h1000V0L500.2,94.7z\"\/>\n<\/svg>\t\t<\/div>\n\t\t\t\t<div class=\"elementor-element elementor-element-81c346b elementor-widget elementor-widget-heading\" data-id=\"81c346b\" data-element_type=\"widget\" data-widget_type=\"heading.default\">\n\t\t\t\t<div class=\"elementor-widget-container\">\n\t\t\t\t\t<h1 class=\"elementor-heading-title elementor-size-default\">EK\u0130B\u0130M\u0130Z<\/h1>\t\t\t\t<\/div>\n\t\t\t\t<\/div>\n\t\t\t\t\t<\/div>\n\t\t\t\t<\/div>\n\t\t<div class=\"elementor-element elementor-element-77545d2 e-flex e-con-boxed wpr-particle-no wpr-jarallax-no wpr-parallax-no wpr-sticky-section-no e-con e-parent\" data-id=\"77545d2\" data-element_type=\"container\">\n\t\t\t\t\t<div class=\"e-con-inner\">\n\t\t\t\t<div class=\"elementor-element elementor-element-09e6780 elementor-widget elementor-widget-ucaddon_team_member_grid\" data-id=\"09e6780\" data-element_type=\"widget\" data-widget_type=\"ucaddon_team_member_grid.default\">\n\t\t\t\t<div class=\"elementor-widget-container\">\n\t\t\t\t\t\n<!-- start Team Member Grid -->\n\t\t<link id='font-awesome-css' href='https:\/\/aykutozpur.com\/wp-content\/plugins\/unlimited-elements-for-elementor-premium\/assets_libraries\/font-awesome6\/fontawesome-all.min.css' type='text\/css' rel='stylesheet' >\n\t\t<link id='font-awesome-4-shim-css' href='https:\/\/aykutozpur.com\/wp-content\/plugins\/unlimited-elements-for-elementor-premium\/assets_libraries\/font-awesome6\/fontawesome-v4-shims.min.css' type='text\/css' rel='stylesheet' >\n\n<style>\/* widget: Team Member Grid *\/\n\n\n\n#uc_team_member_grid_elementor_09e6780 *{\n  box-sizing:border-box;\n}\n#uc_team_member_grid_elementor_09e6780\n{\n  position:relative;\n  display:grid;\n}\n\n\n#uc_team_member_grid_elementor_09e6780 .team_member_grid_image_container\n{\n  display:inline-block;\n  overflow:hidden;\n  position:relative;\n  vertical-align:bottom;\n}\n\n\n#uc_team_member_grid_elementor_09e6780 .team_member_grid_image\n{\n  vertical-align:bottom;\n}\n\n#uc_team_member_grid_elementor_09e6780 .team_member_grid_image img\n{\n  object-fit:cover;\n  width:100%;\n  display:block;\n  transition:0.5s;\n  vertical-align:bottom;\n}\n#uc_team_member_grid_elementor_09e6780 .ue_grid_item\n{\n  position:relative;\n  overflow:hidden;  display:flex;\n  flex-direction:column;\n\n}\n.team_member_grid_title\n{\n  font-size:18px;\n}\n\n#uc_team_member_grid_elementor_09e6780 .team_member_grid_icons a\n{\n  display:inline-flex;\n  text-decoration:none;\n  align-items:center;\n  justify-content:center;\n  line-height:1em;\n  transition:0.3s;\n}\n\n#uc_team_member_grid_elementor_09e6780 .team_member_grid_icons a svg\n{\n  width:1em;\n  height:1em;\n}\n\n#uc_team_member_grid_elementor_09e6780 .uc_more_btn\n{\n  transition:0.3s;\n  text-align:center;\n  text-decoration:none;\n}\n\n#uc_team_member_grid_elementor_09e6780 .team_member_grid_image_overlay\n{\n  position:absolute;\n  top:0;\n  left:0;\n  transition:0.3s;\n  display:flex;\n  flex-direction:column;\n  justify-content:center;\n  align-items:center;\n}\n\n#uc_team_member_grid_elementor_09e6780 .team_member_grid_content\n{\n  display:flex;\n  flex-direction:column;\n  flex-grow: 1;\n}\n\n\n#uc_team_member_grid_elementor_09e6780 .team_member_grid_content .team_member_grid_text\n{\nflex-grow: 1;\n}\n\n#uc_team_member_grid_elementor_09e6780 .team_member_grid_content .team_member_grid_icons\n{\n  margin-top:auto;\n}\n\n#uc_team_member_grid_elementor_09e6780 .ue-company-logo img\n{\n  width:100%;\n}\n\n\n<\/style>\n\n<div id=\"uc_team_member_grid_elementor_09e6780\" class=\"team_member_grid uc-items-wrapper\" >\n  \n<div class=\"ue_grid_item\">\n  <div class=\"team_member_grid_header\">\n    \n          <div class=\"team_member_grid_image\">\n        <div class=\"team_member_grid_image_container\">\n          <img fetchpriority=\"high\" decoding=\"async\" src=\"https:\/\/aykutozpur.com\/wp-content\/uploads\/2024\/12\/aykut-ozpur-1.jpg\" alt=\"aykut-ozpur-1\"  width=\"370\" height=\"510\">\n          <div class=\"team_member_grid_image_overlay\">\n            \t\n                                  <\/div>\n        <\/div>\n      <\/div>\n    \n    \t\n    \t\n          \n        \n  <\/div>\n  \n  <div class=\"team_member_grid_content\">\n        \n    <div class=\"team_member_grid_title\">Op. Dr. Aykut \u00d6ZP\u00dcR<\/div>\t\n    <div class=\"team_member_grid_subtitle\">Plastic, Reconstructive and Aesthetic Surgery<\/div>        \n    \n    <div class=\"team_member_grid_text\"><\/div>\t\n    <div class=\"team_member_grid_icons\">\n  <a class=\"\" href=\"https:\/\/wa.me\/905339311111\" target=\"_blank\" rel=\"noopener\"><i class='fab fa-whatsapp'><\/i><\/a>\t\n  <a class=\"\" href=\"tel:+902125469090\" ><i class='fas fa-phone-alt'><\/i><\/a>\t\n  <a class=\"\" href=\"mailto:info@aykutozpur.com\" ><i class='far fa-envelope'><\/i><\/a>\t\n  \t\n<\/div>\n    \n        \n  <\/div>\n  \n    \n<\/div>\n\n<div class=\"ue_grid_item\">\n  <div class=\"team_member_grid_header\">\n    \n          <div class=\"team_member_grid_image\">\n        <div class=\"team_member_grid_image_container\">\n          <img decoding=\"async\" src=\"https:\/\/aykutozpur.com\/wp-content\/uploads\/2024\/12\/hilal-akilli-1.jpg\" alt=\"hilal-akilli-1\"  width=\"370\" height=\"510\">\n          <div class=\"team_member_grid_image_overlay\">\n            \t\n                                  <\/div>\n        <\/div>\n      <\/div>\n    \n    \t\n    \t\n          \n        \n  <\/div>\n  \n  <div class=\"team_member_grid_content\">\n        \n    <div class=\"team_member_grid_title\">Hilal AKILLI<\/div>\t\n    <div class=\"team_member_grid_subtitle\">Coordinator<\/div>        \n    \n    <div class=\"team_member_grid_text\"><\/div>\t\n    <div class=\"team_member_grid_icons\">\n  <a class=\"\" href=\"https:\/\/wa.me\/905339311111\" target=\"_blank\" rel=\"noopener\"><i class='fab fa-whatsapp'><\/i><\/a>\t\n  <a class=\"\" href=\"tel:+902125469090\" ><i class='fas fa-phone-alt'><\/i><\/a>\t\n  <a class=\"\" href=\"mailto:info@aykutozpur.com\" ><i class='far fa-envelope'><\/i><\/a>\t\n  \t\n<\/div>\n    \n        \n  <\/div>\n  \n    \n<\/div>\n\n<div class=\"ue_grid_item\">\n  <div class=\"team_member_grid_header\">\n    \n          <div class=\"team_member_grid_image\">\n        <div class=\"team_member_grid_image_container\">\n          <img decoding=\"async\" src=\"https:\/\/aykutozpur.com\/wp-content\/uploads\/2024\/12\/gozde-duman-1.jpg\" alt=\"gozde-duman-1\"  width=\"370\" height=\"510\">\n          <div class=\"team_member_grid_image_overlay\">\n            \t\n                                  <\/div>\n        <\/div>\n      <\/div>\n    \n    \t\n    \t\n          \n        \n  <\/div>\n  \n  <div class=\"team_member_grid_content\">\n        \n    <div class=\"team_member_grid_title\">G\u00f6zde DUMAN<\/div>\t\n    <div class=\"team_member_grid_subtitle\">Nurse<\/div>        \n    \n    <div class=\"team_member_grid_text\"><\/div>\t\n    <div class=\"team_member_grid_icons\">\n  <a class=\"\" href=\"https:\/\/wa.me\/905339311111\" target=\"_blank\" rel=\"noopener\"><i class='fab fa-whatsapp'><\/i><\/a>\t\n  <a class=\"\" href=\"tel:+902125469090\" ><i class='fas fa-phone-alt'><\/i><\/a>\t\n  <a class=\"\" href=\"mailto:info@aykutozpur.com\" ><i class='far fa-envelope'><\/i><\/a>\t\n  \t\n<\/div>\n    \n        \n  <\/div>\n  \n    \n<\/div>\n\n<div class=\"ue_grid_item\">\n  <div class=\"team_member_grid_header\">\n    \n          <div class=\"team_member_grid_image\">\n        <div class=\"team_member_grid_image_container\">\n          <img loading=\"lazy\" decoding=\"async\" src=\"https:\/\/aykutozpur.com\/wp-content\/uploads\/2024\/12\/emre-gurel-1.jpg\" alt=\"emre-gurel-1\"  width=\"370\" height=\"510\">\n          <div class=\"team_member_grid_image_overlay\">\n            \t\n                                  <\/div>\n        <\/div>\n      <\/div>\n    \n    \t\n    \t\n          \n        \n  <\/div>\n  \n  <div class=\"team_member_grid_content\">\n        \n    <div class=\"team_member_grid_title\">Emre G\u00dcREL<\/div>\t\n    <div class=\"team_member_grid_subtitle\">Nurse<\/div>        \n    \n    <div class=\"team_member_grid_text\"><\/div>\t\n    <div class=\"team_member_grid_icons\">\n  <a class=\"\" href=\"https:\/\/wa.me\/905339311111\" target=\"_blank\" rel=\"noopener\"><i class='fab fa-whatsapp'><\/i><\/a>\t\n  <a class=\"\" href=\"tel:+902125469090\" ><i class='fas fa-phone-alt'><\/i><\/a>\t\n  <a class=\"\" href=\"mailto:info@aykutozpur.com\" ><i class='far fa-envelope'><\/i><\/a>\t\n  \t\n<\/div>\n    \n        \n  <\/div>\n  \n    \n<\/div>\n\n<div class=\"ue_grid_item\">\n  <div class=\"team_member_grid_header\">\n    \n          <div class=\"team_member_grid_image\">\n        <div class=\"team_member_grid_image_container\">\n          <img loading=\"lazy\" decoding=\"async\" src=\"https:\/\/aykutozpur.com\/wp-content\/uploads\/2024\/12\/leyla-ozturk-1.jpg\" alt=\"leyla-ozturk-1\"  width=\"370\" height=\"510\">\n          <div class=\"team_member_grid_image_overlay\">\n            \t\n                                  <\/div>\n        <\/div>\n      <\/div>\n    \n    \t\n    \t\n          \n        \n  <\/div>\n  \n  <div class=\"team_member_grid_content\">\n        \n    <div class=\"team_member_grid_title\">Leyla \u00d6ZT\u00dcRK<\/div>\t\n    <div class=\"team_member_grid_subtitle\">Auxiliary Staff<\/div>        \n    \n    <div class=\"team_member_grid_text\"><\/div>\t\n    <div class=\"team_member_grid_icons\">\n  <a class=\"\" href=\"https:\/\/wa.me\/905339311111\" target=\"_blank\" rel=\"noopener\"><i class='fab fa-whatsapp'><\/i><\/a>\t\n  <a class=\"\" href=\"tel:+902125469090\" ><i class='fas fa-phone-alt'><\/i><\/a>\t\n  <a class=\"\" href=\"mailto:info@aykutozpur.com\" ><i class='far fa-envelope'><\/i><\/a>\t\n  \t\n<\/div>\n    \n        \n  <\/div>\n  \n    \n<\/div>\n\n<\/div>\n<!-- end Team Member Grid -->\t\t\t\t<\/div>\n\t\t\t\t<\/div>\n\t\t\t\t\t<\/div>\n\t\t\t\t<\/div>\n\t\t\t\t<\/div>","protected":false},"excerpt":{"rendered":"<p>EK\u0130B\u0130M\u0130Z Op. Dr. Aykut \u00d6ZP\u00dcR Plastik, Rekonstr\u00fcktif ve Estetik Cerrahi Hilal AKILLI Koordinat\u00f6r G\u00f6zde DUMAN Hem\u015fire Emre G\u00dcREL Hem\u015fire Leyla \u00d6ZT\u00dcRK Yard\u0131mc\u0131 Personel<\/p>","protected":false},"author":1,"featured_media":0,"parent":0,"menu_order":0,"comment_status":"closed","ping_status":"closed","template":"elementor_header_footer","meta":{"site-sidebar-layout":"no-sidebar","site-content-layout":"","ast-site-content-layout":"full-width-container","site-content-style":"default","site-sidebar-style":"default","ast-global-header-display":"","ast-banner-title-visibility":"","ast-main-header-display":"","ast-hfb-above-header-display":"","ast-hfb-below-header-display":"","ast-hfb-mobile-header-display":"","site-post-title":"disabled","ast-breadcrumbs-content":"","ast-featured-img":"disabled","footer-sml-layout":"","theme-transparent-header-meta":"default","adv-header-id-meta":"","stick-header-meta":"","header-above-stick-meta":"","header-main-stick-meta":"","header-below-stick-meta":"","astra-migrate-meta-layouts":"set","ast-page-background-enabled":"default","ast-page-background-meta":{"desktop":{"background-color":"var(--ast-global-color-4)","background-image":"","background-repeat":"repeat","background-position":"center center","background-size":"auto","background-attachment":"scroll","background-type":"","background-media":"","overlay-type":"","overlay-color":"","overlay-opacity":"","overlay-gradient":""},"tablet":{"background-color":"","background-image":"","background-repeat":"repeat","background-position":"center center","background-size":"auto","background-attachment":"scroll","background-type":"","background-media":"","overlay-type":"","overlay-color":"","overlay-opacity":"","overlay-gradient":""},"mobile":{"background-color":"","background-image":"","background-repeat":"repeat","background-position":"center center","background-size":"auto","background-attachment":"scroll","background-type":"","background-media":"","overlay-type":"","overlay-color":"","overlay-opacity":"","overlay-gradient":""}},"ast-content-background-meta":{"desktop":{"background-color":"var(--ast-global-color-5)","background-image":"","background-repeat":"repeat","background-position":"center center","background-size":"auto","background-attachment":"scroll","background-type":"","background-media":"","overlay-type":"","overlay-color":"","overlay-opacity":"","overlay-gradient":""},"tablet":{"background-color":"var(--ast-global-color-5)","background-image":"","background-repeat":"repeat","background-position":"center center","background-size":"auto","background-attachment":"scroll","background-type":"","background-media":"","overlay-type":"","overlay-color":"","overlay-opacity":"","overlay-gradient":""},"mobile":{"background-color":"var(--ast-global-color-5)","background-image":"","background-repeat":"repeat","background-position":"center center","background-size":"auto","background-attachment":"scroll","background-type":"","background-media":"","overlay-type":"","overlay-color":"","overlay-opacity":"","overlay-gradient":""}},"footnotes":""},"class_list":["post-15","page","type-page","status-publish","hentry"],"_links":{"self":[{"href":"https:\/\/aykutozpur.com\/en\/wp-json\/wp\/v2\/pages\/15","targetHints":{"allow":["GET"]}}],"collection":[{"href":"https:\/\/aykutozpur.com\/en\/wp-json\/wp\/v2\/pages"}],"about":[{"href":"https:\/\/aykutozpur.com\/en\/wp-json\/wp\/v2\/types\/page"}],"author":[{"embeddable":true,"href":"https:\/\/aykutozpur.com\/en\/wp-json\/wp\/v2\/users\/1"}],"replies":[{"embeddable":true,"href":"https:\/\/aykutozpur.com\/en\/wp-json\/wp\/v2\/comments?post=15"}],"version-history":[{"count":13,"href":"https:\/\/aykutozpur.com\/en\/wp-json\/wp\/v2\/pages\/15\/revisions"}],"predecessor-version":[{"id":415,"href":"https:\/\/aykutozpur.com\/en\/wp-json\/wp\/v2\/pages\/15\/revisions\/415"}],"wp:attachment":[{"href":"https:\/\/aykutozpur.com\/en\/wp-json\/wp\/v2\/media?parent=15"}],"curies":[{"name":"wp","href":"https:\/\/api.w.org\/{rel}","templated":true}]}}