{"id":141,"date":"2024-11-22T09:00:16","date_gmt":"2024-11-22T09:00:16","guid":{"rendered":"https:\/\/aykutozpur.bifollow.com\/?page_id=141"},"modified":"2024-12-11T08:18:08","modified_gmt":"2024-12-11T08:18:08","slug":"cene-estetigi","status":"publish","type":"page","link":"https:\/\/aykutozpur.com\/en\/cene-estetigi\/","title":{"rendered":"Chin Aesthetics"},"content":{"rendered":"<div data-elementor-type=\"wp-page\" data-elementor-id=\"141\" class=\"elementor elementor-141\" data-elementor-post-type=\"page\">\n\t\t\t\t<div class=\"elementor-element elementor-element-377870b1 e-flex e-con-boxed wpr-particle-no wpr-jarallax-no wpr-parallax-no wpr-sticky-section-no e-con e-parent\" data-id=\"377870b1\" data-element_type=\"container\" data-settings=\"{&quot;background_background&quot;:&quot;classic&quot;,&quot;shape_divider_bottom&quot;:&quot;triangle&quot;,&quot;shape_divider_bottom_negative&quot;:&quot;yes&quot;}\">\n\t\t\t\t\t<div class=\"e-con-inner\">\n\t\t\t\t<div class=\"elementor-shape elementor-shape-bottom\" aria-hidden=\"true\" data-negative=\"true\">\n\t\t\t<svg xmlns=\"http:\/\/www.w3.org\/2000\/svg\" viewbox=\"0 0 1000 100\" preserveaspectratio=\"none\">\n\t<path class=\"elementor-shape-fill\" d=\"M500.2,94.7L0,0v100h1000V0L500.2,94.7z\"\/>\n<\/svg>\t\t<\/div>\n\t\t\t\t<div class=\"elementor-element elementor-element-884134e elementor-widget elementor-widget-heading\" data-id=\"884134e\" data-element_type=\"widget\" data-widget_type=\"heading.default\">\n\t\t\t\t<div class=\"elementor-widget-container\">\n\t\t\t\t\t<h1 class=\"elementor-heading-title elementor-size-default\">Chin Aesthetics\n<\/h1>\t\t\t\t<\/div>\n\t\t\t\t<\/div>\n\t\t\t\t\t<\/div>\n\t\t\t\t<\/div>\n\t\t<div class=\"elementor-element elementor-element-659f85d5 e-flex e-con-boxed wpr-particle-no wpr-jarallax-no wpr-parallax-no wpr-sticky-section-no e-con e-parent\" data-id=\"659f85d5\" data-element_type=\"container\">\n\t\t\t\t\t<div class=\"e-con-inner\">\n\t\t\t\t<div class=\"elementor-element elementor-element-465494e1 elementor-widget elementor-widget-image\" data-id=\"465494e1\" data-element_type=\"widget\" data-widget_type=\"image.default\">\n\t\t\t\t<div class=\"elementor-widget-container\">\n\t\t\t\t\t\t\t\t\t\t\t\t\t\t\t<img fetchpriority=\"high\" decoding=\"async\" width=\"1920\" height=\"1280\" src=\"https:\/\/aykutozpur.com\/wp-content\/uploads\/2024\/12\/cene-estetigi.jpg.webp\" class=\"attachment-full size-full wp-image-333\" alt=\"\" srcset=\"https:\/\/aykutozpur.com\/wp-content\/uploads\/2024\/12\/cene-estetigi.jpg.webp 1920w, https:\/\/aykutozpur.com\/wp-content\/uploads\/2024\/12\/cene-estetigi.jpg-300x200.webp 300w, https:\/\/aykutozpur.com\/wp-content\/uploads\/2024\/12\/cene-estetigi.jpg-1024x683.webp 1024w, https:\/\/aykutozpur.com\/wp-content\/uploads\/2024\/12\/cene-estetigi.jpg-768x512.webp 768w, https:\/\/aykutozpur.com\/wp-content\/uploads\/2024\/12\/cene-estetigi.jpg-1536x1024.webp 1536w\" sizes=\"(max-width: 1920px) 100vw, 1920px\" \/>\t\t\t\t\t\t\t\t\t\t\t\t\t\t\t<\/div>\n\t\t\t\t<\/div>\n\t\t\t\t<div class=\"elementor-element elementor-element-6646c8d0 elementor-widget elementor-widget-text-editor\" data-id=\"6646c8d0\" data-element_type=\"widget\" data-widget_type=\"text-editor.default\">\n\t\t\t\t<div class=\"elementor-widget-container\">\n\t\t\t\t\t\t\t\t\t<h3>Chin Aesthetics<br \/><br \/><\/h3><p>When evaluating the aesthetic appearance of the face, the harmony of the chin, cheek, forehead and nose ratio is one of the most basic issues. The need to change the tip of the chin and the general appearance of the chin is often not clearly expressed by people. It is often recognised during a rhinoplasty or facial rejuvenation examination. During the examination of the chin, attention should be paid to the inclusions of the teeth and the levels of the lower and upper jaw. If there are problems in tooth inclusions, orthodontic treatment should be started first. The need for orthognathic surgery should be evaluated by making cephalometric analyses. If there are no tooth closure problems, operations to shape the jaw can be planned.<\/p><p>There are many methods for jaw shaping. Among the non-surgical methods, fillers developed for the chin tip are applications that can be performed under office conditions. Apart from this, the chin can also be shaped with fat fillers obtained from the person's own fat tissue. However, the results and permanence are less predictable. If permanent results are desired in chin aesthetics, advancement of the jaw tip bone or enlargement of the jaw tip with implants can be considered. Medpor or silicone implants are available in a wide range of sizes to enlarge the tip or corners of the chin. The procedure is usually performed under general anaesthesia in 30 to 45 minutes. After the procedure, the chin tip is taped and the tapes are removed after approximately 4 to 5 days.<\/p>\t\t\t\t\t\t\t\t<\/div>\n\t\t\t\t<\/div>\n\t\t\t\t\t<\/div>\n\t\t\t\t<\/div>\n\t\t<div class=\"elementor-element elementor-element-2bf2bd93 e-flex e-con-boxed wpr-particle-no wpr-jarallax-no wpr-parallax-no wpr-sticky-section-no e-con e-parent\" data-id=\"2bf2bd93\" data-element_type=\"container\">\n\t\t\t\t\t<div class=\"e-con-inner\">\n\t\t\t\t<div class=\"elementor-element elementor-element-1ee015ef elementor-cta--skin-classic elementor-animated-content elementor-bg-transform elementor-bg-transform-zoom-in elementor-widget elementor-widget-call-to-action\" data-id=\"1ee015ef\" data-element_type=\"widget\" data-widget_type=\"call-to-action.default\">\n\t\t\t\t<div class=\"elementor-widget-container\">\n\t\t\t\t\t\t\t<div class=\"elementor-cta\">\n\t\t\t\t\t<div class=\"elementor-cta__bg-wrapper\">\n\t\t\t\t<div class=\"elementor-cta__bg elementor-bg\" style=\"background-image: url(https:\/\/aykutozpur.com\/wp-content\/uploads\/2024\/12\/page-header-bg.jpg);\" role=\"img\" aria-label=\"page-header-bg\"><\/div>\n\t\t\t\t<div class=\"elementor-cta__bg-overlay\"><\/div>\n\t\t\t<\/div>\n\t\t\t\t\t\t\t<div class=\"elementor-cta__content\">\n\t\t\t\t\n\t\t\t\t\t\t\t\t\t<h2 class=\"elementor-cta__title elementor-cta__content-item elementor-content-item\">\n\t\t\t\t\t\t Do you have a question? Contact us\t\t\t\t\t<\/h2>\n\t\t\t\t\n\t\t\t\t\t\t\t\t\t<div class=\"elementor-cta__description elementor-cta__content-item elementor-content-item\">\n\t\t\t\t\t\tQuestions and Appointment\n\t\t\t\t\t<\/div>\n\t\t\t\t\n\t\t\t\t\t\t\t\t\t<div class=\"elementor-cta__button-wrapper elementor-cta__content-item elementor-content-item\">\n\t\t\t\t\t<a class=\"elementor-cta__button elementor-button elementor-size-\" href=\"tel:+90%20212%20546%2090%2090\">\n\t\t\t\t\t\t+90 212 546 90 90\t\t\t\t\t<\/a>\n\t\t\t\t\t<\/div>\n\t\t\t\t\t\t\t<\/div>\n\t\t\t\t\t\t\t<div class=\"elementor-ribbon\">\n\t\t\t\t<div class=\"elementor-ribbon-inner\">B\u0130ZE ULA\u015eIN<\/div>\n\t\t\t<\/div>\n\t\t\t\t<\/div>\n\t\t\t\t\t\t<\/div>\n\t\t\t\t<\/div>\n\t\t\t\t\t<\/div>\n\t\t\t\t<\/div>\n\t\t\t\t<\/div>","protected":false},"excerpt":{"rendered":"<p>\u00c7ene Esteti\u011fi \u00c7ene Esteti\u011fi Y\u00fcz\u00fcn estetik g\u00f6r\u00fcn\u00fcm\u00fc de\u011ferlendirirken \u00e7ene, yanak, al\u0131n ve burun oran\u0131n\u0131n uyumu en temel konulardand\u0131r. \u00c7ene ucunun ve \u00e7enenin genel g\u00f6r\u00fcn\u00fcm\u00fcn\u00fcn de\u011fi\u015ftirilmesi ihtiyac\u0131 genellikle ki\u015filer taraf\u0131ndan net ifade edilemez. \u00c7o\u011fu zaman burun esteti\u011fi veya y\u00fcz gen\u00e7le\u015ftirme muayenesi s\u0131ras\u0131nda fark edilir. \u00c7enenin muayenesi esnas\u0131nda di\u015flerin kapan\u0131mlar\u0131na, alt ve \u00fcst \u00e7enenin seviyelerine dikkat edilmelidir. Di\u015f kapan\u0131mlar\u0131nda sorunlar varsa \u00f6ncelikle ortodontik tedaviye ba\u015flamak gerekir. Sefalometrik analizler yap\u0131larak ortognatik cerrahi ihtiyac\u0131 de\u011ferlendirilmelidir. Di\u015f kapanma problemleri yoksa \u00e7eneyi \u015fekillendirmeye y\u00f6nelik operasyonlar planlanabilir. \u00c7ene \u015fekillendirmede bir\u00e7ok y\u00f6ntem vard\u0131r. Ameliyats\u0131z y\u00f6ntemlerden \u00e7ene ucu i\u00e7in geli\u015ftirilmi\u015f dolgular muayenehane \u015fartlar\u0131nda yap\u0131labilen uygulamalard\u0131r. Bunun d\u0131\u015f\u0131nda ki\u015finin kendi ya\u011f dokusundan elde edilen ya\u011f dolgular\u0131yla da \u00e7ene \u015fekillendirilebilir. Fakat sonu\u00e7lar\u0131 ve kal\u0131c\u0131l\u0131\u011f\u0131 daha az \u00f6ng\u00f6r\u00fclebilirdir. \u00c7ene esteti\u011finde kal\u0131c\u0131 sonu\u00e7lar isteniyorsa \u00e7ene ucu kemi\u011finin ilerletilmesi veya \u00e7ene ucunun implantla b\u00fcy\u00fct\u00fclmesi d\u00fc\u015f\u00fcn\u00fclebilir. \u00c7ene ucunu veya k\u00f6\u015felerini b\u00fcy\u00fctme ama\u00e7l\u0131 \u00e7ok \u00e7e\u015fitli boyutlarda medpor veya silikon implantlar \u00fcretilmektedir. \u00c7o\u011fu zaman genel anestezi alt\u0131nda 30 ila 45 dakikada yap\u0131lan bir i\u015flemdir. \u0130\u015flem sonras\u0131 \u00e7ene ucu bantlan\u0131r yakla\u015f\u0131k olarak 4 \u2013 5 g\u00fcn kadar sonra bantlar al\u0131n\u0131r. Sorunuz mu var? Bize Ula\u015f\u0131n Sorular\u0131n\u0131z ve Randevu i\u00e7in +90 212 546 90 90 B\u0130ZE ULA\u015eIN<\/p>","protected":false},"author":1,"featured_media":333,"parent":0,"menu_order":0,"comment_status":"closed","ping_status":"closed","template":"","meta":{"site-sidebar-layout":"no-sidebar","site-content-layout":"","ast-site-content-layout":"full-width-container","site-content-style":"default","site-sidebar-style":"default","ast-global-header-display":"","ast-banner-title-visibility":"","ast-main-header-display":"","ast-hfb-above-header-display":"","ast-hfb-below-header-display":"","ast-hfb-mobile-header-display":"","site-post-title":"disabled","ast-breadcrumbs-content":"","ast-featured-img":"disabled","footer-sml-layout":"","theme-transparent-header-meta":"default","adv-header-id-meta":"","stick-header-meta":"","header-above-stick-meta":"","header-main-stick-meta":"","header-below-stick-meta":"","astra-migrate-meta-layouts":"set","ast-page-background-enabled":"default","ast-page-background-meta":{"desktop":{"background-color":"var(--ast-global-color-4)","background-image":"","background-repeat":"repeat","background-position":"center center","background-size":"auto","background-attachment":"scroll","background-type":"","background-media":"","overlay-type":"","overlay-color":"","overlay-opacity":"","overlay-gradient":""},"tablet":{"background-color":"","background-image":"","background-repeat":"repeat","background-position":"center center","background-size":"auto","background-attachment":"scroll","background-type":"","background-media":"","overlay-type":"","overlay-color":"","overlay-opacity":"","overlay-gradient":""},"mobile":{"background-color":"","background-image":"","background-repeat":"repeat","background-position":"center center","background-size":"auto","background-attachment":"scroll","background-type":"","background-media":"","overlay-type":"","overlay-color":"","overlay-opacity":"","overlay-gradient":""}},"ast-content-background-meta":{"desktop":{"background-color":"var(--ast-global-color-5)","background-image":"","background-repeat":"repeat","background-position":"center center","background-size":"auto","background-attachment":"scroll","background-type":"","background-media":"","overlay-type":"","overlay-color":"","overlay-opacity":"","overlay-gradient":""},"tablet":{"background-color":"var(--ast-global-color-5)","background-image":"","background-repeat":"repeat","background-position":"center center","background-size":"auto","background-attachment":"scroll","background-type":"","background-media":"","overlay-type":"","overlay-color":"","overlay-opacity":"","overlay-gradient":""},"mobile":{"background-color":"var(--ast-global-color-5)","background-image":"","background-repeat":"repeat","background-position":"center center","background-size":"auto","background-attachment":"scroll","background-type":"","background-media":"","overlay-type":"","overlay-color":"","overlay-opacity":"","overlay-gradient":""}},"footnotes":""},"class_list":["post-141","page","type-page","status-publish","has-post-thumbnail","hentry"],"_links":{"self":[{"href":"https:\/\/aykutozpur.com\/en\/wp-json\/wp\/v2\/pages\/141","targetHints":{"allow":["GET"]}}],"collection":[{"href":"https:\/\/aykutozpur.com\/en\/wp-json\/wp\/v2\/pages"}],"about":[{"href":"https:\/\/aykutozpur.com\/en\/wp-json\/wp\/v2\/types\/page"}],"author":[{"embeddable":true,"href":"https:\/\/aykutozpur.com\/en\/wp-json\/wp\/v2\/users\/1"}],"replies":[{"embeddable":true,"href":"https:\/\/aykutozpur.com\/en\/wp-json\/wp\/v2\/comments?post=141"}],"version-history":[{"count":4,"href":"https:\/\/aykutozpur.com\/en\/wp-json\/wp\/v2\/pages\/141\/revisions"}],"predecessor-version":[{"id":336,"href":"https:\/\/aykutozpur.com\/en\/wp-json\/wp\/v2\/pages\/141\/revisions\/336"}],"wp:featuredmedia":[{"embeddable":true,"href":"https:\/\/aykutozpur.com\/en\/wp-json\/wp\/v2\/media\/333"}],"wp:attachment":[{"href":"https:\/\/aykutozpur.com\/en\/wp-json\/wp\/v2\/media?parent=141"}],"curies":[{"name":"wp","href":"https:\/\/api.w.org\/{rel}","templated":true}]}}