{"id":139,"date":"2024-11-22T08:59:56","date_gmt":"2024-11-22T08:59:56","guid":{"rendered":"https:\/\/aykutozpur.bifollow.com\/?page_id=139"},"modified":"2024-12-11T08:22:46","modified_gmt":"2024-12-11T08:22:46","slug":"meme-diklestirme","status":"publish","type":"page","link":"https:\/\/aykutozpur.com\/en\/meme-diklestirme\/","title":{"rendered":"Breast Lift"},"content":{"rendered":"<div data-elementor-type=\"wp-page\" data-elementor-id=\"139\" class=\"elementor elementor-139\" data-elementor-post-type=\"page\">\n\t\t\t\t<div class=\"elementor-element elementor-element-2b0c0f4f e-flex e-con-boxed wpr-particle-no wpr-jarallax-no wpr-parallax-no wpr-sticky-section-no e-con e-parent\" data-id=\"2b0c0f4f\" data-element_type=\"container\" data-settings=\"{&quot;background_background&quot;:&quot;classic&quot;,&quot;shape_divider_bottom&quot;:&quot;triangle&quot;,&quot;shape_divider_bottom_negative&quot;:&quot;yes&quot;}\">\n\t\t\t\t\t<div class=\"e-con-inner\">\n\t\t\t\t<div class=\"elementor-shape elementor-shape-bottom\" aria-hidden=\"true\" data-negative=\"true\">\n\t\t\t<svg xmlns=\"http:\/\/www.w3.org\/2000\/svg\" viewbox=\"0 0 1000 100\" preserveaspectratio=\"none\">\n\t<path class=\"elementor-shape-fill\" d=\"M500.2,94.7L0,0v100h1000V0L500.2,94.7z\"\/>\n<\/svg>\t\t<\/div>\n\t\t\t\t<div class=\"elementor-element elementor-element-5961474a elementor-widget elementor-widget-heading\" data-id=\"5961474a\" data-element_type=\"widget\" data-widget_type=\"heading.default\">\n\t\t\t\t<div class=\"elementor-widget-container\">\n\t\t\t\t\t<h1 class=\"elementor-heading-title elementor-size-default\">Breast Lift\n<\/h1>\t\t\t\t<\/div>\n\t\t\t\t<\/div>\n\t\t\t\t\t<\/div>\n\t\t\t\t<\/div>\n\t\t<div class=\"elementor-element elementor-element-530593ab e-flex e-con-boxed wpr-particle-no wpr-jarallax-no wpr-parallax-no wpr-sticky-section-no e-con e-parent\" data-id=\"530593ab\" data-element_type=\"container\">\n\t\t\t\t\t<div class=\"e-con-inner\">\n\t\t\t\t<div class=\"elementor-element elementor-element-36319b81 elementor-widget elementor-widget-image\" data-id=\"36319b81\" data-element_type=\"widget\" data-widget_type=\"image.default\">\n\t\t\t\t<div class=\"elementor-widget-container\">\n\t\t\t\t\t\t\t\t\t\t\t\t\t\t\t<img fetchpriority=\"high\" decoding=\"async\" width=\"770\" height=\"457\" src=\"https:\/\/aykutozpur.com\/wp-content\/uploads\/2024\/12\/meme-diklestirme-2.jpg\" class=\"attachment-full size-full wp-image-323\" alt=\"\" srcset=\"https:\/\/aykutozpur.com\/wp-content\/uploads\/2024\/12\/meme-diklestirme-2.jpg 770w, https:\/\/aykutozpur.com\/wp-content\/uploads\/2024\/12\/meme-diklestirme-2-300x178.jpg 300w, https:\/\/aykutozpur.com\/wp-content\/uploads\/2024\/12\/meme-diklestirme-2-768x456.jpg 768w\" sizes=\"(max-width: 770px) 100vw, 770px\" \/>\t\t\t\t\t\t\t\t\t\t\t\t\t\t\t<\/div>\n\t\t\t\t<\/div>\n\t\t\t\t<div class=\"elementor-element elementor-element-49929209 elementor-widget elementor-widget-text-editor\" data-id=\"49929209\" data-element_type=\"widget\" data-widget_type=\"text-editor.default\">\n\t\t\t\t<div class=\"elementor-widget-container\">\n\t\t\t\t\t\t\t\t\t<section class=\"page-header\"><div class=\"container\"><div class=\"page-header__inner\"><h2>Breast Lift<\/h2><\/div><\/div><\/section><section class=\"service-details\"><div class=\"container\"><div class=\"row\"><div class=\"col-xl-8 col-lg-7\"><div class=\"service-details__right\">\u00a0<\/div><\/div><\/div><\/div><\/section><p>Breast lift surgery is an operation performed for women with sagging breasts due to breastfeeding, weight changes, aging or for no other reason. Basically, in this surgery, the nipple is taken to the upper level where it should be, the sagging excess skin tissue is removed, and the sagging breast tissue is shaped. If the volume of breast tissue is insufficient, silicone breast prostheses can be used.<\/p><p>Breast lift surgery can be performed on all adult women. It is more suitable to be performed 6 months after the end of pregnancy and breastfeeding. During this period, the breast will shrink and the sagging will be determined exactly. After this surgery, you can become pregnant or breastfeed again, but the milk glands, ducts and nipple must be preserved during the operation.<\/p>\t\t\t\t\t\t\t\t<\/div>\n\t\t\t\t<\/div>\n\t\t\t\t\t<\/div>\n\t\t\t\t<\/div>\n\t\t<div class=\"elementor-element elementor-element-3d319c76 e-flex e-con-boxed wpr-particle-no wpr-jarallax-no wpr-parallax-no wpr-sticky-section-no e-con e-parent\" data-id=\"3d319c76\" data-element_type=\"container\">\n\t\t\t\t\t<div class=\"e-con-inner\">\n\t\t\t\t<div class=\"elementor-element elementor-element-64d52383 elementor-widget elementor-widget-heading\" data-id=\"64d52383\" data-element_type=\"widget\" data-widget_type=\"heading.default\">\n\t\t\t\t<div class=\"elementor-widget-container\">\n\t\t\t\t\t<h2 class=\"elementor-heading-title elementor-size-default\">Frequently Asked Questions\n<\/h2>\t\t\t\t<\/div>\n\t\t\t\t<\/div>\n\t\t\t\t<div class=\"elementor-element elementor-element-74c23f23 elementor-widget elementor-widget-n-accordion\" data-id=\"74c23f23\" data-element_type=\"widget\" data-settings=\"{&quot;default_state&quot;:&quot;expanded&quot;,&quot;max_items_expended&quot;:&quot;one&quot;,&quot;n_accordion_animation_duration&quot;:{&quot;unit&quot;:&quot;ms&quot;,&quot;size&quot;:400,&quot;sizes&quot;:[]}}\" data-widget_type=\"nested-accordion.default\">\n\t\t\t\t<div class=\"elementor-widget-container\">\n\t\t\t\t\t\t\t<div class=\"e-n-accordion\" aria-label=\"Accordion. Open links with Enter or Space, close with Escape, and navigate with Arrow Keys\">\n\t\t\t\t\t\t<details id=\"e-n-accordion-item-1950\" class=\"e-n-accordion-item\" open>\n\t\t\t\t<summary class=\"e-n-accordion-item-title\" data-accordion-index=\"1\" tabindex=\"0\" aria-expanded=\"true\" aria-controls=\"e-n-accordion-item-1950\" >\n\t\t\t\t\t<span class='e-n-accordion-item-title-header'><div class=\"e-n-accordion-item-title-text\"> How is the postoperative period? <\/div><\/span>\n\t\t\t\t\t\t\t<span class='e-n-accordion-item-title-icon'>\n\t\t\t<span class='e-opened' ><svg aria-hidden=\"true\" class=\"e-font-icon-svg e-fas-minus\" viewbox=\"0 0 448 512\" xmlns=\"http:\/\/www.w3.org\/2000\/svg\"><path d=\"M416 208H32c-17.67 0-32 14.33-32 32v32c0 17.67 14.33 32 32 32h384c17.67 0 32-14.33 32-32v-32c0-17.67-14.33-32-32-32z\"><\/path><\/svg><\/span>\n\t\t\t<span class='e-closed'><svg aria-hidden=\"true\" class=\"e-font-icon-svg e-fas-plus\" viewbox=\"0 0 448 512\" xmlns=\"http:\/\/www.w3.org\/2000\/svg\"><path d=\"M416 208H272V64c0-17.67-14.33-32-32-32h-32c-17.67 0-32 14.33-32 32v144H32c-17.67 0-32 14.33-32 32v32c0 17.67 14.33 32 32 32h144v144c0 17.67 14.33 32 32 32h32c17.67 0 32-14.33 32-32V304h144c17.67 0 32-14.33 32-32v-32c0-17.67-14.33-32-32-32z\"><\/path><\/svg><\/span>\n\t\t<\/span>\n\n\t\t\t\t\t\t<\/summary>\n\t\t\t\t<div role=\"region\" aria-labelledby=\"e-n-accordion-item-1950\" class=\"elementor-element elementor-element-6e48c925 e-con-full e-flex wpr-particle-no wpr-jarallax-no wpr-parallax-no wpr-sticky-section-no e-con e-child\" data-id=\"6e48c925\" data-element_type=\"container\">\n\t\t\t\t<div class=\"elementor-element elementor-element-40f34f10 elementor-widget elementor-widget-text-editor\" data-id=\"40f34f10\" data-element_type=\"widget\" data-widget_type=\"text-editor.default\">\n\t\t\t\t<div class=\"elementor-widget-container\">\n\t\t\t\t\t\t\t\t\tThe operation lasts between 2-4 hours depending on the planned procedure. The pain is usually not disturbing. It is under control with painkillers. There are thin skin-coloured bands on the breast. A sports bra is worn immediately after the operation. After one day, a shower can be taken over the bands. It is recommended to wear the bra for 6-8 weeks. Swelling is evident in the first three days after surgery. It starts to decrease rapidly after three days. In the early period, walking and sports that do not strain the arms can be done. Active sports can be started after six weeks.\n\n\t\t\t\t\t\t\t\t<\/div>\n\t\t\t\t<\/div>\n\t\t\t\t<\/div>\n\t\t\t\t\t<\/details>\n\t\t\t\t\t\t<details id=\"e-n-accordion-item-1951\" class=\"e-n-accordion-item\" >\n\t\t\t\t<summary class=\"e-n-accordion-item-title\" data-accordion-index=\"2\" tabindex=\"-1\" aria-expanded=\"false\" aria-controls=\"e-n-accordion-item-1951\" >\n\t\t\t\t\t<span class='e-n-accordion-item-title-header'><div class=\"e-n-accordion-item-title-text\"> Will the breast sag again? <\/div><\/span>\n\t\t\t\t\t\t\t<span class='e-n-accordion-item-title-icon'>\n\t\t\t<span class='e-opened' ><svg aria-hidden=\"true\" class=\"e-font-icon-svg e-fas-minus\" viewbox=\"0 0 448 512\" xmlns=\"http:\/\/www.w3.org\/2000\/svg\"><path d=\"M416 208H32c-17.67 0-32 14.33-32 32v32c0 17.67 14.33 32 32 32h384c17.67 0 32-14.33 32-32v-32c0-17.67-14.33-32-32-32z\"><\/path><\/svg><\/span>\n\t\t\t<span class='e-closed'><svg aria-hidden=\"true\" class=\"e-font-icon-svg e-fas-plus\" viewbox=\"0 0 448 512\" xmlns=\"http:\/\/www.w3.org\/2000\/svg\"><path d=\"M416 208H272V64c0-17.67-14.33-32-32-32h-32c-17.67 0-32 14.33-32 32v144H32c-17.67 0-32 14.33-32 32v32c0 17.67 14.33 32 32 32h144v144c0 17.67 14.33 32 32 32h32c17.67 0 32-14.33 32-32V304h144c17.67 0 32-14.33 32-32v-32c0-17.67-14.33-32-32-32z\"><\/path><\/svg><\/span>\n\t\t<\/span>\n\n\t\t\t\t\t\t<\/summary>\n\t\t\t\t<div role=\"region\" aria-labelledby=\"e-n-accordion-item-1951\" class=\"elementor-element elementor-element-2b3e12b6 e-con-full e-flex wpr-particle-no wpr-jarallax-no wpr-parallax-no wpr-sticky-section-no e-con e-child\" data-id=\"2b3e12b6\" data-element_type=\"container\">\n\t\t\t\t<div class=\"elementor-element elementor-element-7806f85e elementor-widget elementor-widget-text-editor\" data-id=\"7806f85e\" data-element_type=\"widget\" data-widget_type=\"text-editor.default\">\n\t\t\t\t<div class=\"elementor-widget-container\">\n\t\t\t\t\t\t\t\t\tBreast is an organ consisting entirely of soft tissues. It undergoes changes due to effects such as gravity, pregnancy, weight gain and loss. After the surgery, there will be changes over the years depending on the skin quality of the person and the condition of the breast tissue. As a result, the breast tissue does not return to its former state because it is suspended and excess skin tissue is removed. The breast maintains its form and fullness for a long time.\n\n\t\t\t\t\t\t\t\t<\/div>\n\t\t\t\t<\/div>\n\t\t\t\t<\/div>\n\t\t\t\t\t<\/details>\n\t\t\t\t\t<\/div>\n\t\t\t\t\t\t<\/div>\n\t\t\t\t<\/div>\n\t\t\t\t\t<\/div>\n\t\t\t\t<\/div>\n\t\t<div class=\"elementor-element elementor-element-6e73e652 e-flex e-con-boxed wpr-particle-no wpr-jarallax-no wpr-parallax-no wpr-sticky-section-no e-con e-parent\" data-id=\"6e73e652\" data-element_type=\"container\">\n\t\t\t\t\t<div class=\"e-con-inner\">\n\t\t\t\t<div class=\"elementor-element elementor-element-3099ad08 elementor-cta--skin-classic elementor-animated-content elementor-bg-transform elementor-bg-transform-zoom-in elementor-widget elementor-widget-call-to-action\" data-id=\"3099ad08\" data-element_type=\"widget\" data-widget_type=\"call-to-action.default\">\n\t\t\t\t<div class=\"elementor-widget-container\">\n\t\t\t\t\t\t\t<div class=\"elementor-cta\">\n\t\t\t\t\t<div class=\"elementor-cta__bg-wrapper\">\n\t\t\t\t<div class=\"elementor-cta__bg elementor-bg\" style=\"background-image: url(https:\/\/aykutozpur.com\/wp-content\/uploads\/2024\/12\/page-header-bg.jpg);\" role=\"img\" aria-label=\"page-header-bg\"><\/div>\n\t\t\t\t<div class=\"elementor-cta__bg-overlay\"><\/div>\n\t\t\t<\/div>\n\t\t\t\t\t\t\t<div class=\"elementor-cta__content\">\n\t\t\t\t\n\t\t\t\t\t\t\t\t\t<h2 class=\"elementor-cta__title elementor-cta__content-item elementor-content-item\">\n\t\t\t\t\t\t Do you have a question? Contact us\t\t\t\t\t<\/h2>\n\t\t\t\t\n\t\t\t\t\t\t\t\t\t<div class=\"elementor-cta__description elementor-cta__content-item elementor-content-item\">\n\t\t\t\t\t\tQuestions and Appointment\n\t\t\t\t\t<\/div>\n\t\t\t\t\n\t\t\t\t\t\t\t\t\t<div class=\"elementor-cta__button-wrapper elementor-cta__content-item elementor-content-item\">\n\t\t\t\t\t<a class=\"elementor-cta__button elementor-button elementor-size-\" href=\"tel:+90%20212%20546%2090%2090\">\n\t\t\t\t\t\t+90 212 546 90 90\t\t\t\t\t<\/a>\n\t\t\t\t\t<\/div>\n\t\t\t\t\t\t\t<\/div>\n\t\t\t\t\t\t\t<div class=\"elementor-ribbon\">\n\t\t\t\t<div class=\"elementor-ribbon-inner\">B\u0130ZE ULA\u015eIN<\/div>\n\t\t\t<\/div>\n\t\t\t\t<\/div>\n\t\t\t\t\t\t<\/div>\n\t\t\t\t<\/div>\n\t\t\t\t\t<\/div>\n\t\t\t\t<\/div>\n\t\t\t\t<\/div>","protected":false},"excerpt":{"rendered":"<p>Meme Dikle\u015ftirme Meme Dikle\u015ftirme \u00a0 Meme dikle\u015ftirme ameliyat\u0131 emzirme, kilo de\u011fi\u015fiklikleri, ya\u015flanma nedeniyle veya hi\u00e7 ba\u015fka bir neden olmadan yap\u0131sal olarak memeleri sark\u0131k olan kad\u0131nlar i\u00e7in yap\u0131lan memenin toparlanmas\u0131 amac\u0131yla yap\u0131lan bir ameliyatt\u0131r. Temel olarak bu ameliyatta meme ba\u015f\u0131 olmas\u0131 gereken yukar\u0131 seviyeye al\u0131n\u0131r, sarkan fazla cilt dokusu al\u0131n\u0131r, sarkan meme dokusu \u015fekillendirilir. E\u011fer meme dokusunun hacmi yetersizse silikon meme protezleri kullan\u0131labilir. Meme dikle\u015ftirme ameliyat\u0131 yeti\u015fkin b\u00fct\u00fcn kad\u0131nlara yap\u0131labilir. Gebelik ve emzirme bittikten 6 ay sonras\u0131nda yap\u0131lmas\u0131 daha uygundur. Bu d\u00f6nem i\u00e7inde meme k\u00fc\u00e7\u00fclecek olu\u015facak sarkma tam olarak belirlenecektir. Bu ameliyat sonras\u0131nda tekrar gebe kal\u0131nabilir veya emzirilebilir fakat ameliyat esnas\u0131nda s\u00fct bezleri, kanallar\u0131 ve meme ba\u015f\u0131 korunmu\u015f olmal\u0131d\u0131r. S\u0131k Sorulan Sorular Ameliyat sonras\u0131 d\u00f6nem nas\u0131l ge\u00e7er? Ameliyat planlanan i\u015fleme g\u00f6re 2-4 saat aras\u0131nda s\u00fcrer. A\u011fr\u0131 genellikle rahats\u0131z edici d\u00fczeyde de\u011fildir. A\u011fr\u0131 kesicilerle kontrol alt\u0131ndad\u0131r. Meme \u00fczerinde ince ten rengi bantlar olur. Ameliyattan hemen sonra sporcu s\u00fctyeni giydirilir. Bir g\u00fcn sonra bantlar\u0131n \u00fczerinden du\u015f al\u0131nabilir. S\u00fctyenin 6-8 hafta kullan\u0131lmas\u0131 \u00f6nerilir. Ameliyat sonras\u0131 ilk \u00fc\u00e7 g\u00fcn \u015fi\u015flikler belirgindir. \u00dc\u00e7 g\u00fcnden sonra h\u0131zl\u0131 \u015fekilde inmeye ba\u015flar. Erken d\u00f6nemde y\u00fcr\u00fcy\u00fc\u015f ve kollar\u0131 zorlamayan sporlar yap\u0131labilir. Aktif spora alt\u0131 hafta sonra ba\u015flanabilir. Meme tekrar sarkar m\u0131? Meme tamam\u0131 yumu\u015fak dokulardan olu\u015fan bir organd\u0131r. Yer \u00e7ekimi, gebelik, kilo al\u0131p verme gibi etkilerden de\u011fi\u015fime u\u011frar. Ameliyat sonras\u0131nda da ki\u015finin cilt kalitesine, meme dokusunun durumuna ba\u011fl\u0131 olarak y\u0131llar i\u00e7inde de\u011fi\u015fiklikler olacakt\u0131r. Sonu\u00e7ta meme dokusu ask\u0131land\u0131\u011f\u0131, fazla cilt dokusu \u00e7\u0131kar\u0131ld\u0131\u011f\u0131 i\u00e7in eski haline gelmez. Meme formunu ve dolgunlu\u011funu uzun s\u00fcreler korur. Ameliyat planlanan i\u015fleme g\u00f6re 2-4 saat aras\u0131nda s\u00fcrer. A\u011fr\u0131 genellikle rahats\u0131z edici d\u00fczeyde de\u011fildir. A\u011fr\u0131 kesicilerle kontrol alt\u0131ndad\u0131r. Meme \u00fczerinde ince ten rengi bantlar olur. Ameliyattan hemen sonra sporcu s\u00fctyeni giydirilir. Bir g\u00fcn sonra bantlar\u0131n \u00fczerinden du\u015f al\u0131nabilir. S\u00fctyenin 6-8 hafta kullan\u0131lmas\u0131 \u00f6nerilir. Ameliyat sonras\u0131 ilk \u00fc\u00e7 g\u00fcn \u015fi\u015flikler belirgindir. \u00dc\u00e7 g\u00fcnden sonra h\u0131zl\u0131 \u015fekilde inmeye ba\u015flar. Erken d\u00f6nemde y\u00fcr\u00fcy\u00fc\u015f ve kollar\u0131 zorlamayan sporlar yap\u0131labilir. Aktif spora alt\u0131 hafta sonra ba\u015flanabilir. Meme tamam\u0131 yumu\u015fak dokulardan olu\u015fan bir organd\u0131r. Yer \u00e7ekimi, gebelik, kilo al\u0131p verme gibi etkilerden de\u011fi\u015fime u\u011frar. Ameliyat sonras\u0131nda da ki\u015finin cilt kalitesine, meme dokusunun durumuna ba\u011fl\u0131 olarak y\u0131llar i\u00e7inde de\u011fi\u015fiklikler olacakt\u0131r. Sonu\u00e7ta meme dokusu ask\u0131land\u0131\u011f\u0131, fazla cilt dokusu \u00e7\u0131kar\u0131ld\u0131\u011f\u0131 i\u00e7in eski haline gelmez. Meme formunu ve dolgunlu\u011funu uzun s\u00fcreler korur. Sorunuz mu var? Bize Ula\u015f\u0131n Sorular\u0131n\u0131z ve Randevu i\u00e7in +90 212 546 90 90 B\u0130ZE ULA\u015eIN<\/p>","protected":false},"author":1,"featured_media":323,"parent":0,"menu_order":0,"comment_status":"closed","ping_status":"closed","template":"","meta":{"site-sidebar-layout":"no-sidebar","site-content-layout":"","ast-site-content-layout":"full-width-container","site-content-style":"default","site-sidebar-style":"default","ast-global-header-display":"","ast-banner-title-visibility":"","ast-main-header-display":"","ast-hfb-above-header-display":"","ast-hfb-below-header-display":"","ast-hfb-mobile-header-display":"","site-post-title":"disabled","ast-breadcrumbs-content":"","ast-featured-img":"disabled","footer-sml-layout":"","theme-transparent-header-meta":"default","adv-header-id-meta":"","stick-header-meta":"","header-above-stick-meta":"","header-main-stick-meta":"","header-below-stick-meta":"","astra-migrate-meta-layouts":"set","ast-page-background-enabled":"default","ast-page-background-meta":{"desktop":{"background-color":"var(--ast-global-color-4)","background-image":"","background-repeat":"repeat","background-position":"center center","background-size":"auto","background-attachment":"scroll","background-type":"","background-media":"","overlay-type":"","overlay-color":"","overlay-opacity":"","overlay-gradient":""},"tablet":{"background-color":"","background-image":"","background-repeat":"repeat","background-position":"center center","background-size":"auto","background-attachment":"scroll","background-type":"","background-media":"","overlay-type":"","overlay-color":"","overlay-opacity":"","overlay-gradient":""},"mobile":{"background-color":"","background-image":"","background-repeat":"repeat","background-position":"center center","background-size":"auto","background-attachment":"scroll","background-type":"","background-media":"","overlay-type":"","overlay-color":"","overlay-opacity":"","overlay-gradient":""}},"ast-content-background-meta":{"desktop":{"background-color":"var(--ast-global-color-5)","background-image":"","background-repeat":"repeat","background-position":"center center","background-size":"auto","background-attachment":"scroll","background-type":"","background-media":"","overlay-type":"","overlay-color":"","overlay-opacity":"","overlay-gradient":""},"tablet":{"background-color":"var(--ast-global-color-5)","background-image":"","background-repeat":"repeat","background-position":"center center","background-size":"auto","background-attachment":"scroll","background-type":"","background-media":"","overlay-type":"","overlay-color":"","overlay-opacity":"","overlay-gradient":""},"mobile":{"background-color":"var(--ast-global-color-5)","background-image":"","background-repeat":"repeat","background-position":"center center","background-size":"auto","background-attachment":"scroll","background-type":"","background-media":"","overlay-type":"","overlay-color":"","overlay-opacity":"","overlay-gradient":""}},"footnotes":""},"class_list":["post-139","page","type-page","status-publish","has-post-thumbnail","hentry"],"_links":{"self":[{"href":"https:\/\/aykutozpur.com\/en\/wp-json\/wp\/v2\/pages\/139","targetHints":{"allow":["GET"]}}],"collection":[{"href":"https:\/\/aykutozpur.com\/en\/wp-json\/wp\/v2\/pages"}],"about":[{"href":"https:\/\/aykutozpur.com\/en\/wp-json\/wp\/v2\/types\/page"}],"author":[{"embeddable":true,"href":"https:\/\/aykutozpur.com\/en\/wp-json\/wp\/v2\/users\/1"}],"replies":[{"embeddable":true,"href":"https:\/\/aykutozpur.com\/en\/wp-json\/wp\/v2\/comments?post=139"}],"version-history":[{"count":4,"href":"https:\/\/aykutozpur.com\/en\/wp-json\/wp\/v2\/pages\/139\/revisions"}],"predecessor-version":[{"id":327,"href":"https:\/\/aykutozpur.com\/en\/wp-json\/wp\/v2\/pages\/139\/revisions\/327"}],"wp:featuredmedia":[{"embeddable":true,"href":"https:\/\/aykutozpur.com\/en\/wp-json\/wp\/v2\/media\/323"}],"wp:attachment":[{"href":"https:\/\/aykutozpur.com\/en\/wp-json\/wp\/v2\/media?parent=139"}],"curies":[{"name":"wp","href":"https:\/\/api.w.org\/{rel}","templated":true}]}}