{"id":137,"date":"2024-11-22T08:59:40","date_gmt":"2024-11-22T08:59:40","guid":{"rendered":"https:\/\/aykutozpur.bifollow.com\/?page_id=137"},"modified":"2024-12-11T08:23:26","modified_gmt":"2024-12-11T08:23:26","slug":"meme-kucultme","status":"publish","type":"page","link":"https:\/\/aykutozpur.com\/en\/meme-kucultme\/","title":{"rendered":"Breast Reduction"},"content":{"rendered":"<div data-elementor-type=\"wp-page\" data-elementor-id=\"137\" class=\"elementor elementor-137\" data-elementor-post-type=\"page\">\n\t\t\t\t<div class=\"elementor-element elementor-element-17278a64 e-flex e-con-boxed wpr-particle-no wpr-jarallax-no wpr-parallax-no wpr-sticky-section-no e-con e-parent\" data-id=\"17278a64\" data-element_type=\"container\" data-settings=\"{&quot;background_background&quot;:&quot;classic&quot;,&quot;shape_divider_bottom&quot;:&quot;triangle&quot;,&quot;shape_divider_bottom_negative&quot;:&quot;yes&quot;}\">\n\t\t\t\t\t<div class=\"e-con-inner\">\n\t\t\t\t<div class=\"elementor-shape elementor-shape-bottom\" aria-hidden=\"true\" data-negative=\"true\">\n\t\t\t<svg xmlns=\"http:\/\/www.w3.org\/2000\/svg\" viewbox=\"0 0 1000 100\" preserveaspectratio=\"none\">\n\t<path class=\"elementor-shape-fill\" d=\"M500.2,94.7L0,0v100h1000V0L500.2,94.7z\"\/>\n<\/svg>\t\t<\/div>\n\t\t\t\t<div class=\"elementor-element elementor-element-3a452669 elementor-widget elementor-widget-heading\" data-id=\"3a452669\" data-element_type=\"widget\" data-widget_type=\"heading.default\">\n\t\t\t\t<div class=\"elementor-widget-container\">\n\t\t\t\t\t<h1 class=\"elementor-heading-title elementor-size-default\">Breast Reduction\n<\/h1>\t\t\t\t<\/div>\n\t\t\t\t<\/div>\n\t\t\t\t\t<\/div>\n\t\t\t\t<\/div>\n\t\t<div class=\"elementor-element elementor-element-ede4209 e-flex e-con-boxed wpr-particle-no wpr-jarallax-no wpr-parallax-no wpr-sticky-section-no e-con e-parent\" data-id=\"ede4209\" data-element_type=\"container\">\n\t\t\t\t\t<div class=\"e-con-inner\">\n\t\t\t\t<div class=\"elementor-element elementor-element-d345189 elementor-widget elementor-widget-image\" data-id=\"d345189\" data-element_type=\"widget\" data-widget_type=\"image.default\">\n\t\t\t\t<div class=\"elementor-widget-container\">\n\t\t\t\t\t\t\t\t\t\t\t\t\t\t\t<img fetchpriority=\"high\" decoding=\"async\" width=\"770\" height=\"457\" src=\"https:\/\/aykutozpur.com\/wp-content\/uploads\/2024\/12\/meme-kucultme-2.jpg\" class=\"attachment-full size-full wp-image-324\" alt=\"\" srcset=\"https:\/\/aykutozpur.com\/wp-content\/uploads\/2024\/12\/meme-kucultme-2.jpg 770w, https:\/\/aykutozpur.com\/wp-content\/uploads\/2024\/12\/meme-kucultme-2-300x178.jpg 300w, https:\/\/aykutozpur.com\/wp-content\/uploads\/2024\/12\/meme-kucultme-2-768x456.jpg 768w\" sizes=\"(max-width: 770px) 100vw, 770px\" \/>\t\t\t\t\t\t\t\t\t\t\t\t\t\t\t<\/div>\n\t\t\t\t<\/div>\n\t\t\t\t<div class=\"elementor-element elementor-element-2ba72a54 elementor-widget elementor-widget-text-editor\" data-id=\"2ba72a54\" data-element_type=\"widget\" data-widget_type=\"text-editor.default\">\n\t\t\t\t<div class=\"elementor-widget-container\">\n\t\t\t\t\t\t\t\t\t<div class=\"service-details__title-box\"><h3 class=\"service-details__title\">Breast Reduction<br \/><br \/><\/h3><\/div><p>Large breasts should not be considered only as an aesthetic problem. Women with large breasts complain of hunching, neck pain, skin rashes under the breast, bra-related tissue problems in the shoulder and armpit. At the same time, movements may be restricted due to large breasts, and the movements we do in daily life may slow down or become difficult, let alone doing sports. Sagging as well as large breasts are among the reasons that restrict movements. Another disturbing situation is the difficulty in choosing clothes suitable for one's size. This situation, which is very annoying for women, can cause the person to dislike her appearance and lack of self-confidence.<br \/>Sometimes people do not feel psychologically well due to the sagging and large size of the breast and may want to hide their breasts by bringing their shoulders forward. This situation increases back and shoulder pain even more. This may cause more curvature of the spine, hunchback and posture disorders.<\/p><p>Patients who apply for breast reduction should first be questioned about their detailed family history and a careful examination should be performed. If there are diagnosed breast diseases in the family and close relatives, they should be evaluated and screening tests should be performed before surgery if necessary.<\/p><p>It should be questioned whether the growth in the breast is due to a hormonal problem, and if there is such a problem, treatment for the underlying cause should be started first. If the breast continues to grow, surgery should be postponed and the underlying cause should be investigated.<br \/>If there is a mass in the breast that is palpable on examination or a problem revealed in the examinations, procedures for diagnosis and treatment should be performed first. Reduction surgery is suitable for breasts that are not due to a hormonal cause and have not grown or shrunk in the last 6 months.<\/p>\t\t\t\t\t\t\t\t<\/div>\n\t\t\t\t<\/div>\n\t\t\t\t\t<\/div>\n\t\t\t\t<\/div>\n\t\t<div class=\"elementor-element elementor-element-57813d96 e-flex e-con-boxed wpr-particle-no wpr-jarallax-no wpr-parallax-no wpr-sticky-section-no e-con e-parent\" data-id=\"57813d96\" data-element_type=\"container\">\n\t\t\t\t\t<div class=\"e-con-inner\">\n\t\t\t\t<div class=\"elementor-element elementor-element-3551c8e9 elementor-widget elementor-widget-heading\" data-id=\"3551c8e9\" data-element_type=\"widget\" data-widget_type=\"heading.default\">\n\t\t\t\t<div class=\"elementor-widget-container\">\n\t\t\t\t\t<h2 class=\"elementor-heading-title elementor-size-default\">Frequently Asked Questions\n<\/h2>\t\t\t\t<\/div>\n\t\t\t\t<\/div>\n\t\t\t\t<div class=\"elementor-element elementor-element-2c609d3e elementor-widget elementor-widget-n-accordion\" data-id=\"2c609d3e\" data-element_type=\"widget\" data-settings=\"{&quot;default_state&quot;:&quot;expanded&quot;,&quot;max_items_expended&quot;:&quot;one&quot;,&quot;n_accordion_animation_duration&quot;:{&quot;unit&quot;:&quot;ms&quot;,&quot;size&quot;:400,&quot;sizes&quot;:[]}}\" data-widget_type=\"nested-accordion.default\">\n\t\t\t\t<div class=\"elementor-widget-container\">\n\t\t\t\t\t\t\t<div class=\"e-n-accordion\" aria-label=\"Accordion. Open links with Enter or Space, close with Escape, and navigate with Arrow Keys\">\n\t\t\t\t\t\t<details id=\"e-n-accordion-item-7440\" class=\"e-n-accordion-item\" open>\n\t\t\t\t<summary class=\"e-n-accordion-item-title\" data-accordion-index=\"1\" tabindex=\"0\" aria-expanded=\"true\" aria-controls=\"e-n-accordion-item-7440\" >\n\t\t\t\t\t<span class='e-n-accordion-item-title-header'><div class=\"e-n-accordion-item-title-text\"> Which technique should be used for breast reduction? <\/div><\/span>\n\t\t\t\t\t\t\t<span class='e-n-accordion-item-title-icon'>\n\t\t\t<span class='e-opened' ><svg aria-hidden=\"true\" class=\"e-font-icon-svg e-fas-minus\" viewbox=\"0 0 448 512\" xmlns=\"http:\/\/www.w3.org\/2000\/svg\"><path d=\"M416 208H32c-17.67 0-32 14.33-32 32v32c0 17.67 14.33 32 32 32h384c17.67 0 32-14.33 32-32v-32c0-17.67-14.33-32-32-32z\"><\/path><\/svg><\/span>\n\t\t\t<span class='e-closed'><svg aria-hidden=\"true\" class=\"e-font-icon-svg e-fas-plus\" viewbox=\"0 0 448 512\" xmlns=\"http:\/\/www.w3.org\/2000\/svg\"><path d=\"M416 208H272V64c0-17.67-14.33-32-32-32h-32c-17.67 0-32 14.33-32 32v144H32c-17.67 0-32 14.33-32 32v32c0 17.67 14.33 32 32 32h144v144c0 17.67 14.33 32 32 32h32c17.67 0 32-14.33 32-32V304h144c17.67 0 32-14.33 32-32v-32c0-17.67-14.33-32-32-32z\"><\/path><\/svg><\/span>\n\t\t<\/span>\n\n\t\t\t\t\t\t<\/summary>\n\t\t\t\t<div role=\"region\" aria-labelledby=\"e-n-accordion-item-7440\" class=\"elementor-element elementor-element-1bdc180d e-con-full e-flex wpr-particle-no wpr-jarallax-no wpr-parallax-no wpr-sticky-section-no e-con e-child\" data-id=\"1bdc180d\" data-element_type=\"container\">\n\t\t\t\t<div class=\"elementor-element elementor-element-1dd2a8b4 elementor-widget elementor-widget-text-editor\" data-id=\"1dd2a8b4\" data-element_type=\"widget\" data-widget_type=\"text-editor.default\">\n\t\t\t\t<div class=\"elementor-widget-container\">\n\t\t\t\t\t\t\t\t\tIn breast reduction surgeries, the technique is decided according to the size of the breast and how much reduction is planned, the age of the person and whether there is a pregnancy plan in the following years. If pregnancy and breastfeeding are planned, it would be appropriate to prefer techniques that protect the milk glands and nipple relationship.\n\n\t\t\t\t\t\t\t\t<\/div>\n\t\t\t\t<\/div>\n\t\t\t\t<\/div>\n\t\t\t\t\t<\/details>\n\t\t\t\t\t\t<details id=\"e-n-accordion-item-7441\" class=\"e-n-accordion-item\" >\n\t\t\t\t<summary class=\"e-n-accordion-item-title\" data-accordion-index=\"2\" tabindex=\"-1\" aria-expanded=\"false\" aria-controls=\"e-n-accordion-item-7441\" >\n\t\t\t\t\t<span class='e-n-accordion-item-title-header'><div class=\"e-n-accordion-item-title-text\"> Will there be a scar after the operation? <\/div><\/span>\n\t\t\t\t\t\t\t<span class='e-n-accordion-item-title-icon'>\n\t\t\t<span class='e-opened' ><svg aria-hidden=\"true\" class=\"e-font-icon-svg e-fas-minus\" viewbox=\"0 0 448 512\" xmlns=\"http:\/\/www.w3.org\/2000\/svg\"><path d=\"M416 208H32c-17.67 0-32 14.33-32 32v32c0 17.67 14.33 32 32 32h384c17.67 0 32-14.33 32-32v-32c0-17.67-14.33-32-32-32z\"><\/path><\/svg><\/span>\n\t\t\t<span class='e-closed'><svg aria-hidden=\"true\" class=\"e-font-icon-svg e-fas-plus\" viewbox=\"0 0 448 512\" xmlns=\"http:\/\/www.w3.org\/2000\/svg\"><path d=\"M416 208H272V64c0-17.67-14.33-32-32-32h-32c-17.67 0-32 14.33-32 32v144H32c-17.67 0-32 14.33-32 32v32c0 17.67 14.33 32 32 32h144v144c0 17.67 14.33 32 32 32h32c17.67 0 32-14.33 32-32V304h144c17.67 0 32-14.33 32-32v-32c0-17.67-14.33-32-32-32z\"><\/path><\/svg><\/span>\n\t\t<\/span>\n\n\t\t\t\t\t\t<\/summary>\n\t\t\t\t<div role=\"region\" aria-labelledby=\"e-n-accordion-item-7441\" class=\"elementor-element elementor-element-7a1a0e11 e-con-full e-flex wpr-particle-no wpr-jarallax-no wpr-parallax-no wpr-sticky-section-no e-con e-child\" data-id=\"7a1a0e11\" data-element_type=\"container\">\n\t\t\t\t<div class=\"elementor-element elementor-element-72335d29 elementor-widget elementor-widget-text-editor\" data-id=\"72335d29\" data-element_type=\"widget\" data-widget_type=\"text-editor.default\">\n\t\t\t\t<div class=\"elementor-widget-container\">\n\t\t\t\t\t\t\t\t\tThere will be scars after breast reduction surgery. These scars are expected to fade and become indistinct over time. The main factor determining the length of the scar is how much excess skin tissue is present. If the breast is not too large and saggy, the scar extending from the nipple to the inframammary fold may be sufficient. In more saggy and larger breasts, the same scar can also extend towards the lower fold of the breast.\n\n\t\t\t\t\t\t\t\t<\/div>\n\t\t\t\t<\/div>\n\t\t\t\t<\/div>\n\t\t\t\t\t<\/details>\n\t\t\t\t\t<\/div>\n\t\t\t\t\t\t<\/div>\n\t\t\t\t<\/div>\n\t\t\t\t\t<\/div>\n\t\t\t\t<\/div>\n\t\t<div class=\"elementor-element elementor-element-465a28ee e-flex e-con-boxed wpr-particle-no wpr-jarallax-no wpr-parallax-no wpr-sticky-section-no e-con e-parent\" data-id=\"465a28ee\" data-element_type=\"container\">\n\t\t\t\t\t<div class=\"e-con-inner\">\n\t\t\t\t<div class=\"elementor-element elementor-element-220d9856 elementor-cta--skin-classic elementor-animated-content elementor-bg-transform elementor-bg-transform-zoom-in elementor-widget elementor-widget-call-to-action\" data-id=\"220d9856\" data-element_type=\"widget\" data-widget_type=\"call-to-action.default\">\n\t\t\t\t<div class=\"elementor-widget-container\">\n\t\t\t\t\t\t\t<div class=\"elementor-cta\">\n\t\t\t\t\t<div class=\"elementor-cta__bg-wrapper\">\n\t\t\t\t<div class=\"elementor-cta__bg elementor-bg\" style=\"background-image: url(https:\/\/aykutozpur.com\/wp-content\/uploads\/2024\/12\/page-header-bg.jpg);\" role=\"img\" aria-label=\"page-header-bg\"><\/div>\n\t\t\t\t<div class=\"elementor-cta__bg-overlay\"><\/div>\n\t\t\t<\/div>\n\t\t\t\t\t\t\t<div class=\"elementor-cta__content\">\n\t\t\t\t\n\t\t\t\t\t\t\t\t\t<h2 class=\"elementor-cta__title elementor-cta__content-item elementor-content-item\">\n\t\t\t\t\t\t Do you have a question? Contact us\t\t\t\t\t<\/h2>\n\t\t\t\t\n\t\t\t\t\t\t\t\t\t<div class=\"elementor-cta__description elementor-cta__content-item elementor-content-item\">\n\t\t\t\t\t\tQuestions and Appointment\n\t\t\t\t\t<\/div>\n\t\t\t\t\n\t\t\t\t\t\t\t\t\t<div class=\"elementor-cta__button-wrapper elementor-cta__content-item elementor-content-item\">\n\t\t\t\t\t<a class=\"elementor-cta__button elementor-button elementor-size-\" href=\"tel:+90%20212%20546%2090%2090\">\n\t\t\t\t\t\t+90 212 546 90 90\t\t\t\t\t<\/a>\n\t\t\t\t\t<\/div>\n\t\t\t\t\t\t\t<\/div>\n\t\t\t\t\t\t\t<div class=\"elementor-ribbon\">\n\t\t\t\t<div class=\"elementor-ribbon-inner\">B\u0130ZE ULA\u015eIN<\/div>\n\t\t\t<\/div>\n\t\t\t\t<\/div>\n\t\t\t\t\t\t<\/div>\n\t\t\t\t<\/div>\n\t\t\t\t\t<\/div>\n\t\t\t\t<\/div>\n\t\t\t\t<\/div>","protected":false},"excerpt":{"rendered":"<p>Meme K\u00fc\u00e7\u00fcltme Meme K\u00fc\u00e7\u00fcltme \u0130ri memeleri sadece estetik bir problem olarak de\u011ferlendirmemek gerekir. \u0130ri memeli kad\u0131nlar kamburla\u015fma, boyun a\u011fr\u0131lar\u0131, meme alt\u0131nda olu\u015fan deri k\u0131zar\u0131kl\u0131klar\u0131, omuz ve koltuk alt\u0131nda s\u00fctyene ba\u011fl\u0131 doku problemlerinden \u015fikayet\u00e7idirler. Ayn\u0131 zamanda iri memeler nedeniyle hareketler k\u0131s\u0131tlanabilir, spor yapmak bir yana g\u00fcnl\u00fck hayatta yapt\u0131\u011f\u0131m\u0131z hareketler yava\u015flayabilir veya g\u00fc\u00e7le\u015febilir. Memelerin iri olmas\u0131 kadar sark\u0131k olmas\u0131 da hareketleri k\u0131s\u0131tlayan nedenlerdendir. Bir di\u011fer rahats\u0131z edici durum ki\u015finin bedenine uygun giysi se\u00e7imindeki zorluktur. Kad\u0131nlar i\u00e7in olduk\u00e7a can s\u0131k\u0131c\u0131 olan bu durum ki\u015finin g\u00f6r\u00fcn\u00fcm\u00fcn\u00fc be\u011fenmemesine ve \u00f6zg\u00fcven eksikli\u011fine neden olabilir.Bazen memenin sark\u0131kl\u0131\u011f\u0131 ve irili\u011fi nedeniyle ki\u015filer psikolojik olarak iyi hissetmezler ve omuzlar\u0131n\u0131 \u00f6ne \u00e7\u0131kararak memelerini saklamak isteyebilirler. Bu durum bel ve omuz a\u011fr\u0131lar\u0131n\u0131 daha da \u00e7ok artt\u0131r\u0131r. Bu durum omurgan\u0131n daha \u00e7ok e\u011frilmesine, kamburlu\u011fa ve duru\u015f bozukluklar\u0131na neden olabilir. Meme k\u00fc\u00e7\u00fcltme iste\u011fiyle ba\u015fvuran hastalar\u0131n \u00f6ncelikle ayr\u0131nt\u0131l\u0131 aile hikayesi sorgulanmal\u0131 ve dikkatli bir muayene yap\u0131lmal\u0131d\u0131r. Aile ve yak\u0131n akrabalarda te\u015fhis edilmi\u015f meme hastal\u0131klar\u0131 varsa de\u011ferlendirilmeli, gerekirse tarama testleri ameliyat \u00f6ncesinde yap\u0131lmal\u0131d\u0131r. Memedeki b\u00fcy\u00fcme hormonsal bir soruna m\u0131 ba\u011fl\u0131 sorgulanmal\u0131, b\u00f6yle bir sorun varsa \u00f6nce altta yatan nedene y\u00f6nelik tedaviye ba\u015flanmal\u0131d\u0131r. Memede b\u00fcy\u00fcme devam ediyor ise yine ameliyat ertelenerek altta yatan neden ara\u015ft\u0131r\u0131lmal\u0131d\u0131r.Memede muayeneyle ele gelen kitle veya tetkiklerde ortaya \u00e7\u0131kan bir problem varsa \u00f6nce te\u015fhis ve tedavisine y\u00f6nelik i\u015flemler yap\u0131lmal\u0131d\u0131r. K\u00fc\u00e7\u00fcltme ameliyat\u0131 hormonsal bir nedene ba\u011fl\u0131 olmayan ve son 6 ay i\u00e7inde b\u00fcy\u00fcme veya k\u00fc\u00e7\u00fclme ya\u015fanmam\u0131\u015f memeler i\u00e7in uygundur. S\u0131k Sorulan Sorular Meme k\u00fc\u00e7\u00fcltme hangi teknikle yap\u0131lmal\u0131? Meme k\u00fc\u00e7\u00fcltme ameliyatlar\u0131nda tekni\u011fe memenin b\u00fcy\u00fckl\u00fc\u011f\u00fc ve ne kadar k\u00fc\u00e7\u00fcltme planland\u0131\u011f\u0131, ki\u015finin ya\u015f\u0131 ve ilerleyen y\u0131llarda gebelik plan\u0131 olup olmad\u0131\u011f\u0131na g\u00f6re karar verilir. Gebelik ve emzirme planlan\u0131yorsa s\u00fct bezleri ve meme ba\u015f\u0131 ili\u015fkisini koruyan teknikleri tercih etmek yerinde olacakt\u0131r. Ameliyat sonras\u0131 iz kal\u0131r m\u0131? Meme k\u00fc\u00e7\u00fcltme ameliyat\u0131 sonras\u0131nda izler olacakt\u0131r. Bu izlerin zamanla solmas\u0131 ve belli belirsiz olmas\u0131 \u00f6ng\u00f6r\u00fcl\u00fcr. Olu\u015facak izin uzunlu\u011funu belirleyen temel fakt\u00f6r ne kadar deri dokusu fazlas\u0131 oldu\u011fudur. Meme fazla b\u00fcy\u00fck ve sark\u0131k de\u011filse meme ba\u015f\u0131 etraf\u0131ndan meme alt\u0131 katlant\u0131s\u0131na uzanan iz yeterli olabilir. Daha sark\u0131k ve b\u00fcy\u00fck memelerde ayn\u0131 iz meme alt katlant\u0131s\u0131na do\u011fruda uzayabilmektedir. Meme k\u00fc\u00e7\u00fcltme ameliyatlar\u0131nda tekni\u011fe memenin b\u00fcy\u00fckl\u00fc\u011f\u00fc ve ne kadar k\u00fc\u00e7\u00fcltme planland\u0131\u011f\u0131, ki\u015finin ya\u015f\u0131 ve ilerleyen y\u0131llarda gebelik plan\u0131 olup olmad\u0131\u011f\u0131na g\u00f6re karar verilir. Gebelik ve emzirme planlan\u0131yorsa s\u00fct bezleri ve meme ba\u015f\u0131 ili\u015fkisini koruyan teknikleri tercih etmek yerinde olacakt\u0131r. Meme k\u00fc\u00e7\u00fcltme ameliyat\u0131 sonras\u0131nda izler olacakt\u0131r. Bu izlerin zamanla solmas\u0131 ve belli belirsiz olmas\u0131 \u00f6ng\u00f6r\u00fcl\u00fcr. Olu\u015facak izin uzunlu\u011funu belirleyen temel fakt\u00f6r ne kadar deri dokusu fazlas\u0131 oldu\u011fudur. Meme fazla b\u00fcy\u00fck ve sark\u0131k de\u011filse meme ba\u015f\u0131 etraf\u0131ndan meme alt\u0131 katlant\u0131s\u0131na uzanan iz yeterli olabilir. Daha sark\u0131k ve b\u00fcy\u00fck memelerde ayn\u0131 iz meme alt katlant\u0131s\u0131na do\u011fruda uzayabilmektedir. Sorunuz mu var? Bize Ula\u015f\u0131n Sorular\u0131n\u0131z ve Randevu i\u00e7in +90 212 546 90 90 B\u0130ZE ULA\u015eIN<\/p>","protected":false},"author":1,"featured_media":324,"parent":0,"menu_order":0,"comment_status":"closed","ping_status":"closed","template":"","meta":{"site-sidebar-layout":"no-sidebar","site-content-layout":"","ast-site-content-layout":"full-width-container","site-content-style":"default","site-sidebar-style":"default","ast-global-header-display":"","ast-banner-title-visibility":"","ast-main-header-display":"","ast-hfb-above-header-display":"","ast-hfb-below-header-display":"","ast-hfb-mobile-header-display":"","site-post-title":"disabled","ast-breadcrumbs-content":"","ast-featured-img":"disabled","footer-sml-layout":"","theme-transparent-header-meta":"default","adv-header-id-meta":"","stick-header-meta":"","header-above-stick-meta":"","header-main-stick-meta":"","header-below-stick-meta":"","astra-migrate-meta-layouts":"set","ast-page-background-enabled":"default","ast-page-background-meta":{"desktop":{"background-color":"var(--ast-global-color-4)","background-image":"","background-repeat":"repeat","background-position":"center center","background-size":"auto","background-attachment":"scroll","background-type":"","background-media":"","overlay-type":"","overlay-color":"","overlay-opacity":"","overlay-gradient":""},"tablet":{"background-color":"","background-image":"","background-repeat":"repeat","background-position":"center center","background-size":"auto","background-attachment":"scroll","background-type":"","background-media":"","overlay-type":"","overlay-color":"","overlay-opacity":"","overlay-gradient":""},"mobile":{"background-color":"","background-image":"","background-repeat":"repeat","background-position":"center center","background-size":"auto","background-attachment":"scroll","background-type":"","background-media":"","overlay-type":"","overlay-color":"","overlay-opacity":"","overlay-gradient":""}},"ast-content-background-meta":{"desktop":{"background-color":"var(--ast-global-color-5)","background-image":"","background-repeat":"repeat","background-position":"center center","background-size":"auto","background-attachment":"scroll","background-type":"","background-media":"","overlay-type":"","overlay-color":"","overlay-opacity":"","overlay-gradient":""},"tablet":{"background-color":"var(--ast-global-color-5)","background-image":"","background-repeat":"repeat","background-position":"center center","background-size":"auto","background-attachment":"scroll","background-type":"","background-media":"","overlay-type":"","overlay-color":"","overlay-opacity":"","overlay-gradient":""},"mobile":{"background-color":"var(--ast-global-color-5)","background-image":"","background-repeat":"repeat","background-position":"center center","background-size":"auto","background-attachment":"scroll","background-type":"","background-media":"","overlay-type":"","overlay-color":"","overlay-opacity":"","overlay-gradient":""}},"footnotes":""},"class_list":["post-137","page","type-page","status-publish","has-post-thumbnail","hentry"],"_links":{"self":[{"href":"https:\/\/aykutozpur.com\/en\/wp-json\/wp\/v2\/pages\/137","targetHints":{"allow":["GET"]}}],"collection":[{"href":"https:\/\/aykutozpur.com\/en\/wp-json\/wp\/v2\/pages"}],"about":[{"href":"https:\/\/aykutozpur.com\/en\/wp-json\/wp\/v2\/types\/page"}],"author":[{"embeddable":true,"href":"https:\/\/aykutozpur.com\/en\/wp-json\/wp\/v2\/users\/1"}],"replies":[{"embeddable":true,"href":"https:\/\/aykutozpur.com\/en\/wp-json\/wp\/v2\/comments?post=137"}],"version-history":[{"count":4,"href":"https:\/\/aykutozpur.com\/en\/wp-json\/wp\/v2\/pages\/137\/revisions"}],"predecessor-version":[{"id":331,"href":"https:\/\/aykutozpur.com\/en\/wp-json\/wp\/v2\/pages\/137\/revisions\/331"}],"wp:featuredmedia":[{"embeddable":true,"href":"https:\/\/aykutozpur.com\/en\/wp-json\/wp\/v2\/media\/324"}],"wp:attachment":[{"href":"https:\/\/aykutozpur.com\/en\/wp-json\/wp\/v2\/media?parent=137"}],"curies":[{"name":"wp","href":"https:\/\/api.w.org\/{rel}","templated":true}]}}