{"id":133,"date":"2024-11-22T08:59:08","date_gmt":"2024-11-22T08:59:08","guid":{"rendered":"https:\/\/aykutozpur.bifollow.com\/?page_id=133"},"modified":"2024-12-11T08:24:48","modified_gmt":"2024-12-11T08:24:48","slug":"revizyon-burun-ameliyati","status":"publish","type":"page","link":"https:\/\/aykutozpur.com\/en\/revizyon-burun-ameliyati\/","title":{"rendered":"Revision Rhinoplasty"},"content":{"rendered":"<div data-elementor-type=\"wp-page\" data-elementor-id=\"133\" class=\"elementor elementor-133\" data-elementor-post-type=\"page\">\n\t\t\t\t<div class=\"elementor-element elementor-element-3ab4a720 e-flex e-con-boxed wpr-particle-no wpr-jarallax-no wpr-parallax-no wpr-sticky-section-no e-con e-parent\" data-id=\"3ab4a720\" data-element_type=\"container\" data-settings=\"{&quot;background_background&quot;:&quot;classic&quot;,&quot;shape_divider_bottom&quot;:&quot;triangle&quot;,&quot;shape_divider_bottom_negative&quot;:&quot;yes&quot;}\">\n\t\t\t\t\t<div class=\"e-con-inner\">\n\t\t\t\t<div class=\"elementor-shape elementor-shape-bottom\" aria-hidden=\"true\" data-negative=\"true\">\n\t\t\t<svg xmlns=\"http:\/\/www.w3.org\/2000\/svg\" viewbox=\"0 0 1000 100\" preserveaspectratio=\"none\">\n\t<path class=\"elementor-shape-fill\" d=\"M500.2,94.7L0,0v100h1000V0L500.2,94.7z\"\/>\n<\/svg>\t\t<\/div>\n\t\t\t\t<div class=\"elementor-element elementor-element-321e8556 elementor-widget elementor-widget-heading\" data-id=\"321e8556\" data-element_type=\"widget\" data-widget_type=\"heading.default\">\n\t\t\t\t<div class=\"elementor-widget-container\">\n\t\t\t\t\t<h1 class=\"elementor-heading-title elementor-size-default\">Revision Rhinoplasty<\/h1>\t\t\t\t<\/div>\n\t\t\t\t<\/div>\n\t\t\t\t\t<\/div>\n\t\t\t\t<\/div>\n\t\t<div class=\"elementor-element elementor-element-215bcb8d e-flex e-con-boxed wpr-particle-no wpr-jarallax-no wpr-parallax-no wpr-sticky-section-no e-con e-parent\" data-id=\"215bcb8d\" data-element_type=\"container\">\n\t\t\t\t\t<div class=\"e-con-inner\">\n\t\t\t\t<div class=\"elementor-element elementor-element-980de85 elementor-widget elementor-widget-image\" data-id=\"980de85\" data-element_type=\"widget\" data-widget_type=\"image.default\">\n\t\t\t\t<div class=\"elementor-widget-container\">\n\t\t\t\t\t\t\t\t\t\t\t\t\t\t\t<img fetchpriority=\"high\" decoding=\"async\" width=\"770\" height=\"457\" src=\"https:\/\/aykutozpur.com\/wp-content\/uploads\/2024\/12\/preservation-rhinoplasty-2.jpg\" class=\"attachment-full size-full wp-image-260\" alt=\"\" srcset=\"https:\/\/aykutozpur.com\/wp-content\/uploads\/2024\/12\/preservation-rhinoplasty-2.jpg 770w, https:\/\/aykutozpur.com\/wp-content\/uploads\/2024\/12\/preservation-rhinoplasty-2-300x178.jpg 300w, https:\/\/aykutozpur.com\/wp-content\/uploads\/2024\/12\/preservation-rhinoplasty-2-768x456.jpg 768w\" sizes=\"(max-width: 770px) 100vw, 770px\" \/>\t\t\t\t\t\t\t\t\t\t\t\t\t\t\t<\/div>\n\t\t\t\t<\/div>\n\t\t\t\t<div class=\"elementor-element elementor-element-6d02cffe elementor-widget elementor-widget-text-editor\" data-id=\"6d02cffe\" data-element_type=\"widget\" data-widget_type=\"text-editor.default\">\n\t\t\t\t<div class=\"elementor-widget-container\">\n\t\t\t\t\t\t\t\t\t<div class=\"service-details__content\"><div class=\"service-details__title-box\"><h3 class=\"service-details__title\">Revision Rhinoplasty<\/h3><\/div><p>Revision nose surgery defines the operations performed for patients who have previously undergone aesthetic nose surgery and are not satisfied with the aesthetic or functional results despite the passage of one year. In revision nose surgeries, breathing problems and nose shape are corrected, if any.<\/p><\/div><p class=\"service-details__two-icon-content\"><strong>Preoperative Assessment and Interview<\/strong><\/p><p>Revision rhinoplasty patients are patients who have experienced disappointment once. All details of the revision surgery and the level of correction of deformities should be shared realistically. Expectations should be in harmony with the result of the correction that the surgeon can make before the operation so that there will be no disappointment again.<\/p><p>Before the revision surgery, the intranasal structures and the cause of the deformation should be determined very well. For this purpose, detailed intranasal and external structures are evaluated. If necessary, computerised tomography can be performed to better evaluate the bones and cartilages.<\/p><p>Revision nose surgeries are technically more difficult than the first operations. After the first operation, there are deformities and thinning of cartilage and bones. soft tissues are covered with harder healing tissues called scars. Natural anatomical structures are disrupted. In these operations, an extra careful surgery is required.<\/p>\t\t\t\t\t\t\t\t<\/div>\n\t\t\t\t<\/div>\n\t\t\t\t\t<\/div>\n\t\t\t\t<\/div>\n\t\t<div class=\"elementor-element elementor-element-1270f0fa e-flex e-con-boxed wpr-particle-no wpr-jarallax-no wpr-parallax-no wpr-sticky-section-no e-con e-parent\" data-id=\"1270f0fa\" data-element_type=\"container\">\n\t\t\t\t\t<div class=\"e-con-inner\">\n\t\t\t\t<div class=\"elementor-element elementor-element-aec744a elementor-widget elementor-widget-heading\" data-id=\"aec744a\" data-element_type=\"widget\" data-widget_type=\"heading.default\">\n\t\t\t\t<div class=\"elementor-widget-container\">\n\t\t\t\t\t<h2 class=\"elementor-heading-title elementor-size-default\">Frequently Asked Questions\n<\/h2>\t\t\t\t<\/div>\n\t\t\t\t<\/div>\n\t\t\t\t<div class=\"elementor-element elementor-element-51a81c9e elementor-widget elementor-widget-n-accordion\" data-id=\"51a81c9e\" data-element_type=\"widget\" data-settings=\"{&quot;default_state&quot;:&quot;expanded&quot;,&quot;max_items_expended&quot;:&quot;one&quot;,&quot;n_accordion_animation_duration&quot;:{&quot;unit&quot;:&quot;ms&quot;,&quot;size&quot;:400,&quot;sizes&quot;:[]}}\" data-widget_type=\"nested-accordion.default\">\n\t\t\t\t<div class=\"elementor-widget-container\">\n\t\t\t\t\t\t\t<div class=\"e-n-accordion\" aria-label=\"Accordion. Open links with Enter or Space, close with Escape, and navigate with Arrow Keys\">\n\t\t\t\t\t\t<details id=\"e-n-accordion-item-1360\" class=\"e-n-accordion-item\" open>\n\t\t\t\t<summary class=\"e-n-accordion-item-title\" data-accordion-index=\"1\" tabindex=\"0\" aria-expanded=\"true\" aria-controls=\"e-n-accordion-item-1360\" >\n\t\t\t\t\t<span class='e-n-accordion-item-title-header'><div class=\"e-n-accordion-item-title-text\"> When is revision surgery performed? <\/div><\/span>\n\t\t\t\t\t\t\t<span class='e-n-accordion-item-title-icon'>\n\t\t\t<span class='e-opened' ><svg aria-hidden=\"true\" class=\"e-font-icon-svg e-fas-minus\" viewbox=\"0 0 448 512\" xmlns=\"http:\/\/www.w3.org\/2000\/svg\"><path d=\"M416 208H32c-17.67 0-32 14.33-32 32v32c0 17.67 14.33 32 32 32h384c17.67 0 32-14.33 32-32v-32c0-17.67-14.33-32-32-32z\"><\/path><\/svg><\/span>\n\t\t\t<span class='e-closed'><svg aria-hidden=\"true\" class=\"e-font-icon-svg e-fas-plus\" viewbox=\"0 0 448 512\" xmlns=\"http:\/\/www.w3.org\/2000\/svg\"><path d=\"M416 208H272V64c0-17.67-14.33-32-32-32h-32c-17.67 0-32 14.33-32 32v144H32c-17.67 0-32 14.33-32 32v32c0 17.67 14.33 32 32 32h144v144c0 17.67 14.33 32 32 32h32c17.67 0 32-14.33 32-32V304h144c17.67 0 32-14.33 32-32v-32c0-17.67-14.33-32-32-32z\"><\/path><\/svg><\/span>\n\t\t<\/span>\n\n\t\t\t\t\t\t<\/summary>\n\t\t\t\t<div role=\"region\" aria-labelledby=\"e-n-accordion-item-1360\" class=\"elementor-element elementor-element-6d6b2607 e-con-full e-flex wpr-particle-no wpr-jarallax-no wpr-parallax-no wpr-sticky-section-no e-con e-child\" data-id=\"6d6b2607\" data-element_type=\"container\">\n\t\t\t\t<div class=\"elementor-element elementor-element-3621f738 elementor-widget elementor-widget-text-editor\" data-id=\"3621f738\" data-element_type=\"widget\" data-widget_type=\"text-editor.default\">\n\t\t\t\t<div class=\"elementor-widget-container\">\n\t\t\t\t\t\t\t\t\tAfter aesthetic nose surgeries, we see the final result at the end of 1 year. After 1 year, major changes in the nose are not expected. Revision surgery can be performed at the end of the 1st year when the tissues are fully healed.\n\n\t\t\t\t\t\t\t\t<\/div>\n\t\t\t\t<\/div>\n\t\t\t\t<\/div>\n\t\t\t\t\t<\/details>\n\t\t\t\t\t\t<details id=\"e-n-accordion-item-1361\" class=\"e-n-accordion-item\" >\n\t\t\t\t<summary class=\"e-n-accordion-item-title\" data-accordion-index=\"2\" tabindex=\"-1\" aria-expanded=\"false\" aria-controls=\"e-n-accordion-item-1361\" >\n\t\t\t\t\t<span class='e-n-accordion-item-title-header'><div class=\"e-n-accordion-item-title-text\"> How will the hospital process be after the operation? <\/div><\/span>\n\t\t\t\t\t\t\t<span class='e-n-accordion-item-title-icon'>\n\t\t\t<span class='e-opened' ><svg aria-hidden=\"true\" class=\"e-font-icon-svg e-fas-minus\" viewbox=\"0 0 448 512\" xmlns=\"http:\/\/www.w3.org\/2000\/svg\"><path d=\"M416 208H32c-17.67 0-32 14.33-32 32v32c0 17.67 14.33 32 32 32h384c17.67 0 32-14.33 32-32v-32c0-17.67-14.33-32-32-32z\"><\/path><\/svg><\/span>\n\t\t\t<span class='e-closed'><svg aria-hidden=\"true\" class=\"e-font-icon-svg e-fas-plus\" viewbox=\"0 0 448 512\" xmlns=\"http:\/\/www.w3.org\/2000\/svg\"><path d=\"M416 208H272V64c0-17.67-14.33-32-32-32h-32c-17.67 0-32 14.33-32 32v144H32c-17.67 0-32 14.33-32 32v32c0 17.67 14.33 32 32 32h144v144c0 17.67 14.33 32 32 32h32c17.67 0 32-14.33 32-32V304h144c17.67 0 32-14.33 32-32v-32c0-17.67-14.33-32-32-32z\"><\/path><\/svg><\/span>\n\t\t<\/span>\n\n\t\t\t\t\t\t<\/summary>\n\t\t\t\t<div role=\"region\" aria-labelledby=\"e-n-accordion-item-1361\" class=\"elementor-element elementor-element-1f469920 e-con-full e-flex wpr-particle-no wpr-jarallax-no wpr-parallax-no wpr-sticky-section-no e-con e-child\" data-id=\"1f469920\" data-element_type=\"container\">\n\t\t\t\t<div class=\"elementor-element elementor-element-68b1501a elementor-widget elementor-widget-text-editor\" data-id=\"68b1501a\" data-element_type=\"widget\" data-widget_type=\"text-editor.default\">\n\t\t\t\t<div class=\"elementor-widget-container\">\n\t\t\t\t\t\t\t\t\tYour blood tests are done one or a few days before the operation. Our anaesthesiologist evaluates the blood tests, examines you before the operation and informs you. It will be enough to come to your room allocated to you 1 hour before the operation. If you need to overcome your excitement before the operation, sedative and encouraging drugs can be given during the preparation phase. The operation takes 3-4 hours on average. Sometimes it may take shorter and sometimes longer. Duration is not restrictive in surgeries. The operation continues until the planned result is achieved.\n\nDepending on the surgical procedure performed after the operation, you can stay in the hospital for 1 night or you can be discharged on the same day if a smaller revision has been made.\t\t\t\t\t\t\t\t<\/div>\n\t\t\t\t<\/div>\n\t\t\t\t<\/div>\n\t\t\t\t\t<\/details>\n\t\t\t\t\t\t<details id=\"e-n-accordion-item-1362\" class=\"e-n-accordion-item\" >\n\t\t\t\t<summary class=\"e-n-accordion-item-title\" data-accordion-index=\"3\" tabindex=\"-1\" aria-expanded=\"false\" aria-controls=\"e-n-accordion-item-1362\" >\n\t\t\t\t\t<span class='e-n-accordion-item-title-header'><div class=\"e-n-accordion-item-title-text\"> Which technique is used in revision surgeries? <\/div><\/span>\n\t\t\t\t\t\t\t<span class='e-n-accordion-item-title-icon'>\n\t\t\t<span class='e-opened' ><svg aria-hidden=\"true\" class=\"e-font-icon-svg e-fas-minus\" viewbox=\"0 0 448 512\" xmlns=\"http:\/\/www.w3.org\/2000\/svg\"><path d=\"M416 208H32c-17.67 0-32 14.33-32 32v32c0 17.67 14.33 32 32 32h384c17.67 0 32-14.33 32-32v-32c0-17.67-14.33-32-32-32z\"><\/path><\/svg><\/span>\n\t\t\t<span class='e-closed'><svg aria-hidden=\"true\" class=\"e-font-icon-svg e-fas-plus\" viewbox=\"0 0 448 512\" xmlns=\"http:\/\/www.w3.org\/2000\/svg\"><path d=\"M416 208H272V64c0-17.67-14.33-32-32-32h-32c-17.67 0-32 14.33-32 32v144H32c-17.67 0-32 14.33-32 32v32c0 17.67 14.33 32 32 32h144v144c0 17.67 14.33 32 32 32h32c17.67 0 32-14.33 32-32V304h144c17.67 0 32-14.33 32-32v-32c0-17.67-14.33-32-32-32z\"><\/path><\/svg><\/span>\n\t\t<\/span>\n\n\t\t\t\t\t\t<\/summary>\n\t\t\t\t<div role=\"region\" aria-labelledby=\"e-n-accordion-item-1362\" class=\"elementor-element elementor-element-5024ca7e e-con-full e-flex wpr-particle-no wpr-jarallax-no wpr-parallax-no wpr-sticky-section-no e-con e-child\" data-id=\"5024ca7e\" data-element_type=\"container\">\n\t\t\t\t<div class=\"elementor-element elementor-element-307c321c elementor-widget elementor-widget-text-editor\" data-id=\"307c321c\" data-element_type=\"widget\" data-widget_type=\"text-editor.default\">\n\t\t\t\t<div class=\"elementor-widget-container\">\n\t\t\t\t\t\t\t\t\tIn revision nose surgeries, open or closed technique can be used depending on the condition of the deformity. If the nasal tip cartilages are not deformed too much, I prefer to do it with closed technique without lifting the nasal skin again. If there is excessive deformation of the nasal tip cartilages, I prefer the open technique if it is necessary to reconstruct the cartilage structures.\t\t\t\t\t\t\t\t<\/div>\n\t\t\t\t<\/div>\n\t\t\t\t<\/div>\n\t\t\t\t\t<\/details>\n\t\t\t\t\t<\/div>\n\t\t\t\t\t\t<\/div>\n\t\t\t\t<\/div>\n\t\t\t\t\t<\/div>\n\t\t\t\t<\/div>\n\t\t<div class=\"elementor-element elementor-element-3e905a5b e-flex e-con-boxed wpr-particle-no wpr-jarallax-no wpr-parallax-no wpr-sticky-section-no e-con e-parent\" data-id=\"3e905a5b\" data-element_type=\"container\">\n\t\t\t\t\t<div class=\"e-con-inner\">\n\t\t\t\t<div class=\"elementor-element elementor-element-4f561b51 elementor-cta--skin-classic elementor-animated-content elementor-bg-transform elementor-bg-transform-zoom-in elementor-widget elementor-widget-call-to-action\" data-id=\"4f561b51\" data-element_type=\"widget\" data-widget_type=\"call-to-action.default\">\n\t\t\t\t<div class=\"elementor-widget-container\">\n\t\t\t\t\t\t\t<div class=\"elementor-cta\">\n\t\t\t\t\t<div class=\"elementor-cta__bg-wrapper\">\n\t\t\t\t<div class=\"elementor-cta__bg elementor-bg\" style=\"background-image: url(https:\/\/aykutozpur.com\/wp-content\/uploads\/2024\/12\/page-header-bg.jpg);\" role=\"img\" aria-label=\"page-header-bg\"><\/div>\n\t\t\t\t<div class=\"elementor-cta__bg-overlay\"><\/div>\n\t\t\t<\/div>\n\t\t\t\t\t\t\t<div class=\"elementor-cta__content\">\n\t\t\t\t\n\t\t\t\t\t\t\t\t\t<h2 class=\"elementor-cta__title elementor-cta__content-item elementor-content-item\">\n\t\t\t\t\t\t Do you have a question? Contact us\t\t\t\t\t<\/h2>\n\t\t\t\t\n\t\t\t\t\t\t\t\t\t<div class=\"elementor-cta__description elementor-cta__content-item elementor-content-item\">\n\t\t\t\t\t\tQuestions and Appointment\n\t\t\t\t\t<\/div>\n\t\t\t\t\n\t\t\t\t\t\t\t\t\t<div class=\"elementor-cta__button-wrapper elementor-cta__content-item elementor-content-item\">\n\t\t\t\t\t<a class=\"elementor-cta__button elementor-button elementor-size-\" href=\"tel:+90%20212%20546%2090%2090\">\n\t\t\t\t\t\t+90 212 546 90 90\t\t\t\t\t<\/a>\n\t\t\t\t\t<\/div>\n\t\t\t\t\t\t\t<\/div>\n\t\t\t\t\t\t\t<div class=\"elementor-ribbon\">\n\t\t\t\t<div class=\"elementor-ribbon-inner\">B\u0130ZE ULA\u015eIN<\/div>\n\t\t\t<\/div>\n\t\t\t\t<\/div>\n\t\t\t\t\t\t<\/div>\n\t\t\t\t<\/div>\n\t\t\t\t\t<\/div>\n\t\t\t\t<\/div>\n\t\t\t\t<\/div>","protected":false},"excerpt":{"rendered":"<p>Revizyon Burun Ameliyat\u0131 Revizyon Burun Ameliyat\u0131 Revizyon burun ameliyat\u0131 daha \u00f6nce estetik burun ameliyat\u0131 olmu\u015f, bir y\u0131l ge\u00e7mesine ra\u011fmen estetik veya fonksiyonel sonu\u00e7lardan memnun olmayan hastalar i\u00e7in yap\u0131lan operasyonlar\u0131 tan\u0131mlar. Revizyon burun ameliyatlar\u0131nda varsa nefes alma problemleri ve burun \u015fekli d\u00fczeltilir. Ameliyat \u00d6ncesi De\u011ferlendirme ve G\u00f6r\u00fc\u015fme Revizyon rinoplasti hastalar\u0131 bir kez hayal k\u0131r\u0131kl\u0131\u011f\u0131 ya\u015fam\u0131\u015f hastalard\u0131r. Revizyon ameliyat\u0131n\u0131n b\u00fct\u00fcn ayr\u0131nt\u0131lar\u0131, deformitelerin ne d\u00fczeyde d\u00fczeltilebilece\u011fi ger\u00e7ek\u00e7i \u015fekilde payla\u015f\u0131lmal\u0131d\u0131r. Ameliyat \u00f6ncesi cerrah\u0131n yapabilece\u011fi d\u00fczeltmenin sonucuyla beklenti uyum i\u00e7inde olmal\u0131d\u0131r ki tekrar bir hayal k\u0131r\u0131kl\u0131\u011f\u0131 ya\u015fanmas\u0131n. Revizyon ameliyat\u0131 \u00f6ncesinde burun i\u00e7i yap\u0131lar, deformasyonun neden kaynakland\u0131\u011f\u0131 \u00e7ok iyi belirlenmelidir. Bunun i\u00e7in ayr\u0131nt\u0131l\u0131 burun i\u00e7i ve d\u0131\u015f\u0131 yap\u0131lar de\u011ferlendirilir. gerekli durumlarda bilgisayarl\u0131 tomografi \u00e7ekilerek kemik ve k\u0131k\u0131rdaklar daha iyi de\u011ferlendirilebilir. Revizyon burun ameliyatlar\u0131 ilk operasyonlara g\u00f6re teknik olarak daha zordur. \u0130lk operasyon sonras\u0131nda k\u0131k\u0131rdak ve kemiklerde \u015fekil bozukluklar\u0131 incelmeler vard\u0131r. yumu\u015fak dokular skar denilen daha sert iyile\u015fme dokular\u0131yla kapl\u0131d\u0131r. Do\u011fal anatomik yap\u0131lar bozulmu\u015ftur. Bu ameliyatlarda ekstra \u00f6zenli bir cerrahi yapmak gerekir. S\u0131k Sorulan Sorular Revizyon ameliyat\u0131 ne zaman yap\u0131l\u0131r? Estetik burun ameliyatlar\u0131 sonras\u0131nda kesin sonucu 1 y\u0131l bitiminde g\u00f6r\u00fcyoruz. 1 y\u0131ldan sonra burunda b\u00fcy\u00fck de\u011fi\u015fiklikler olmas\u0131 beklenmez. Revizyon ameliyat\u0131 dokular\u0131n tam iyile\u015fti\u011fi 1. y\u0131l\u0131n sonunda yap\u0131labilir. Ameliyat sonras\u0131 hastane s\u00fcreci nas\u0131l olacak? Ameliyattan bir veya birka\u00e7 g\u00fcn \u00f6nce kan testleriniz yap\u0131l\u0131yor. Anestezi uzman\u0131m\u0131z kan testlerini de\u011ferlendirerek ameliyat \u00f6ncesi muayene edip sizi bilgilendiriyor. Ameliyat \u00f6ncesi size ayr\u0131lan odan\u0131za 1 saat \u00f6nce gelmeniz yeterli olacakt\u0131r. Operasyon \u00f6ncesi heyecan\u0131n\u0131z\u0131 yenmek i\u00e7in ihtiya\u00e7 duyarsan\u0131z sakinle\u015ftirici ve cesaret verici ila\u00e7lar haz\u0131rl\u0131k a\u015famas\u0131nda verilebilir. Operasyon ortalama 3-4 saat s\u00fcrer. Bazen daha k\u0131sa bazen daha uzun s\u00fcrebilir. Ameliyatlarda s\u00fcre k\u0131s\u0131tlay\u0131c\u0131 de\u011fildir. Operasyon planlanan sonu\u00e7 elde edilene kadar devam eder. Operasyondan sonra yap\u0131lan cerrahi i\u015fleme g\u00f6re 1 gece hastanede kalabilirsiniz veya daha k\u00fc\u00e7\u00fck bir revizyon yap\u0131lm\u0131\u015fsa ayn\u0131 g\u00fcn taburcu olabilirsiniz. Revizyon ameliyatlar\u0131nda hangi teknik kullan\u0131l\u0131r? Revizyon burun ameliyatlar\u0131nda deformitenin durumuna ba\u011fl\u0131 olarak a\u00e7\u0131k veya kapal\u0131 teknik kullan\u0131labilir. E\u011fer burun ucu k\u0131k\u0131rdaklar\u0131 \u00e7ok fazla deforme de\u011filse burun derisini tekrar kald\u0131rmadan kapal\u0131 teknikle yapmay\u0131 tercih ederim. Burun ucu k\u0131k\u0131rdaklar\u0131nda fazlaca deformasyon varsa, k\u0131k\u0131rdak yap\u0131lar\u0131 tekrar olu\u015fturmak gerekiyorsa a\u00e7\u0131k tekni\u011fi tercih ediyorum. Estetik burun ameliyatlar\u0131 sonras\u0131nda kesin sonucu 1 y\u0131l bitiminde g\u00f6r\u00fcyoruz. 1 y\u0131ldan sonra burunda b\u00fcy\u00fck de\u011fi\u015fiklikler olmas\u0131 beklenmez. Revizyon ameliyat\u0131 dokular\u0131n tam iyile\u015fti\u011fi 1. y\u0131l\u0131n sonunda yap\u0131labilir. Ameliyattan bir veya birka\u00e7 g\u00fcn \u00f6nce kan testleriniz yap\u0131l\u0131yor. Anestezi uzman\u0131m\u0131z kan testlerini de\u011ferlendirerek ameliyat \u00f6ncesi muayene edip sizi bilgilendiriyor. Ameliyat \u00f6ncesi size ayr\u0131lan odan\u0131za 1 saat \u00f6nce gelmeniz yeterli olacakt\u0131r. Operasyon \u00f6ncesi heyecan\u0131n\u0131z\u0131 yenmek i\u00e7in ihtiya\u00e7 duyarsan\u0131z sakinle\u015ftirici ve cesaret verici ila\u00e7lar haz\u0131rl\u0131k a\u015famas\u0131nda verilebilir. Operasyon ortalama 3-4 saat s\u00fcrer. Bazen daha k\u0131sa bazen daha uzun s\u00fcrebilir. Ameliyatlarda s\u00fcre k\u0131s\u0131tlay\u0131c\u0131 de\u011fildir. Operasyon planlanan sonu\u00e7 elde edilene kadar devam eder. Operasyondan sonra yap\u0131lan cerrahi i\u015fleme g\u00f6re 1 gece hastanede kalabilirsiniz veya daha k\u00fc\u00e7\u00fck bir revizyon yap\u0131lm\u0131\u015fsa ayn\u0131 g\u00fcn taburcu olabilirsiniz.Revizyon burun ameliyatlar\u0131nda deformitenin durumuna ba\u011fl\u0131 olarak a\u00e7\u0131k veya kapal\u0131 teknik kullan\u0131labilir. E\u011fer burun ucu k\u0131k\u0131rdaklar\u0131 \u00e7ok fazla deforme de\u011filse burun derisini tekrar kald\u0131rmadan kapal\u0131 teknikle yapmay\u0131 tercih ederim. Burun ucu k\u0131k\u0131rdaklar\u0131nda fazlaca deformasyon varsa, k\u0131k\u0131rdak yap\u0131lar\u0131 tekrar olu\u015fturmak gerekiyorsa a\u00e7\u0131k tekni\u011fi tercih ediyorum. Sorunuz mu var? Bize Ula\u015f\u0131n Sorular\u0131n\u0131z ve Randevu i\u00e7in +90 212 546 90 90 B\u0130ZE ULA\u015eIN<\/p>","protected":false},"author":1,"featured_media":204,"parent":0,"menu_order":0,"comment_status":"closed","ping_status":"closed","template":"","meta":{"site-sidebar-layout":"no-sidebar","site-content-layout":"","ast-site-content-layout":"full-width-container","site-content-style":"default","site-sidebar-style":"default","ast-global-header-display":"","ast-banner-title-visibility":"","ast-main-header-display":"","ast-hfb-above-header-display":"","ast-hfb-below-header-display":"","ast-hfb-mobile-header-display":"","site-post-title":"disabled","ast-breadcrumbs-content":"","ast-featured-img":"disabled","footer-sml-layout":"","theme-transparent-header-meta":"default","adv-header-id-meta":"","stick-header-meta":"","header-above-stick-meta":"","header-main-stick-meta":"","header-below-stick-meta":"","astra-migrate-meta-layouts":"set","ast-page-background-enabled":"default","ast-page-background-meta":{"desktop":{"background-color":"var(--ast-global-color-4)","background-image":"","background-repeat":"repeat","background-position":"center center","background-size":"auto","background-attachment":"scroll","background-type":"","background-media":"","overlay-type":"","overlay-color":"","overlay-opacity":"","overlay-gradient":""},"tablet":{"background-color":"","background-image":"","background-repeat":"repeat","background-position":"center center","background-size":"auto","background-attachment":"scroll","background-type":"","background-media":"","overlay-type":"","overlay-color":"","overlay-opacity":"","overlay-gradient":""},"mobile":{"background-color":"","background-image":"","background-repeat":"repeat","background-position":"center center","background-size":"auto","background-attachment":"scroll","background-type":"","background-media":"","overlay-type":"","overlay-color":"","overlay-opacity":"","overlay-gradient":""}},"ast-content-background-meta":{"desktop":{"background-color":"var(--ast-global-color-5)","background-image":"","background-repeat":"repeat","background-position":"center center","background-size":"auto","background-attachment":"scroll","background-type":"","background-media":"","overlay-type":"","overlay-color":"","overlay-opacity":"","overlay-gradient":""},"tablet":{"background-color":"var(--ast-global-color-5)","background-image":"","background-repeat":"repeat","background-position":"center center","background-size":"auto","background-attachment":"scroll","background-type":"","background-media":"","overlay-type":"","overlay-color":"","overlay-opacity":"","overlay-gradient":""},"mobile":{"background-color":"var(--ast-global-color-5)","background-image":"","background-repeat":"repeat","background-position":"center center","background-size":"auto","background-attachment":"scroll","background-type":"","background-media":"","overlay-type":"","overlay-color":"","overlay-opacity":"","overlay-gradient":""}},"footnotes":""},"class_list":["post-133","page","type-page","status-publish","has-post-thumbnail","hentry"],"_links":{"self":[{"href":"https:\/\/aykutozpur.com\/en\/wp-json\/wp\/v2\/pages\/133","targetHints":{"allow":["GET"]}}],"collection":[{"href":"https:\/\/aykutozpur.com\/en\/wp-json\/wp\/v2\/pages"}],"about":[{"href":"https:\/\/aykutozpur.com\/en\/wp-json\/wp\/v2\/types\/page"}],"author":[{"embeddable":true,"href":"https:\/\/aykutozpur.com\/en\/wp-json\/wp\/v2\/users\/1"}],"replies":[{"embeddable":true,"href":"https:\/\/aykutozpur.com\/en\/wp-json\/wp\/v2\/comments?post=133"}],"version-history":[{"count":10,"href":"https:\/\/aykutozpur.com\/en\/wp-json\/wp\/v2\/pages\/133\/revisions"}],"predecessor-version":[{"id":313,"href":"https:\/\/aykutozpur.com\/en\/wp-json\/wp\/v2\/pages\/133\/revisions\/313"}],"wp:featuredmedia":[{"embeddable":true,"href":"https:\/\/aykutozpur.com\/en\/wp-json\/wp\/v2\/media\/204"}],"wp:attachment":[{"href":"https:\/\/aykutozpur.com\/en\/wp-json\/wp\/v2\/media?parent=133"}],"curies":[{"name":"wp","href":"https:\/\/api.w.org\/{rel}","templated":true}]}}