{"id":13,"date":"2024-11-21T17:14:13","date_gmt":"2024-11-21T17:14:13","guid":{"rendered":"https:\/\/aykutozpur.bifollow.com\/?page_id=13"},"modified":"2024-11-22T10:41:37","modified_gmt":"2024-11-22T10:41:37","slug":"dr-aykut-ozpur","status":"publish","type":"page","link":"https:\/\/aykutozpur.com\/en\/dr-aykut-ozpur\/","title":{"rendered":"Dr. Aykut \u00d6zp\u00fcr"},"content":{"rendered":"<div data-elementor-type=\"wp-page\" data-elementor-id=\"13\" class=\"elementor elementor-13\" data-elementor-post-type=\"page\">\n\t\t\t\t<div class=\"elementor-element elementor-element-bfa44fa e-flex e-con-boxed wpr-particle-no wpr-jarallax-no wpr-parallax-no wpr-sticky-section-no e-con e-parent\" data-id=\"bfa44fa\" data-element_type=\"container\" data-settings=\"{&quot;background_background&quot;:&quot;classic&quot;,&quot;shape_divider_bottom&quot;:&quot;triangle&quot;,&quot;shape_divider_bottom_negative&quot;:&quot;yes&quot;}\">\n\t\t\t\t\t<div class=\"e-con-inner\">\n\t\t\t\t<div class=\"elementor-shape elementor-shape-bottom\" aria-hidden=\"true\" data-negative=\"true\">\n\t\t\t<svg xmlns=\"http:\/\/www.w3.org\/2000\/svg\" viewbox=\"0 0 1000 100\" preserveaspectratio=\"none\">\n\t<path class=\"elementor-shape-fill\" d=\"M500.2,94.7L0,0v100h1000V0L500.2,94.7z\"\/>\n<\/svg>\t\t<\/div>\n\t\t\t\t<div class=\"elementor-element elementor-element-aa72a11 elementor-widget elementor-widget-heading\" data-id=\"aa72a11\" data-element_type=\"widget\" data-widget_type=\"heading.default\">\n\t\t\t\t<div class=\"elementor-widget-container\">\n\t\t\t\t\t<h1 class=\"elementor-heading-title elementor-size-default\">ABOUT US<\/h1>\t\t\t\t<\/div>\n\t\t\t\t<\/div>\n\t\t\t\t\t<\/div>\n\t\t\t\t<\/div>\n\t\t<div class=\"elementor-element elementor-element-d89b2af e-flex e-con-boxed wpr-particle-no wpr-jarallax-no wpr-parallax-no wpr-sticky-section-no e-con e-parent\" data-id=\"d89b2af\" data-element_type=\"container\">\n\t\t\t\t\t<div class=\"e-con-inner\">\n\t\t<div class=\"elementor-element elementor-element-0b4f43e e-con-full e-flex wpr-particle-no wpr-jarallax-no wpr-parallax-no wpr-sticky-section-no e-con e-child\" data-id=\"0b4f43e\" data-element_type=\"container\">\n\t\t\t\t<div class=\"elementor-element elementor-element-7f8b150 elementor-widget elementor-widget-image\" data-id=\"7f8b150\" data-element_type=\"widget\" data-widget_type=\"image.default\">\n\t\t\t\t<div class=\"elementor-widget-container\">\n\t\t\t\t\t\t\t\t\t\t\t\t\t\t\t<img fetchpriority=\"high\" decoding=\"async\" width=\"770\" height=\"770\" src=\"https:\/\/aykutozpur.com\/wp-content\/uploads\/2024\/11\/aykut-ozpur-2.jpg\" class=\"attachment-full size-full wp-image-103\" alt=\"\" srcset=\"https:\/\/aykutozpur.com\/wp-content\/uploads\/2024\/11\/aykut-ozpur-2.jpg 770w, https:\/\/aykutozpur.com\/wp-content\/uploads\/2024\/11\/aykut-ozpur-2-300x300.jpg 300w, https:\/\/aykutozpur.com\/wp-content\/uploads\/2024\/11\/aykut-ozpur-2-150x150.jpg 150w, https:\/\/aykutozpur.com\/wp-content\/uploads\/2024\/11\/aykut-ozpur-2-768x768.jpg 768w\" sizes=\"(max-width: 770px) 100vw, 770px\" \/>\t\t\t\t\t\t\t\t\t\t\t\t\t\t\t<\/div>\n\t\t\t\t<\/div>\n\t\t\t\t<\/div>\n\t\t<div class=\"elementor-element elementor-element-071a652 e-con-full e-flex wpr-particle-no wpr-jarallax-no wpr-parallax-no wpr-sticky-section-no e-con e-child\" data-id=\"071a652\" data-element_type=\"container\">\n\t\t\t\t<div class=\"elementor-element elementor-element-a2ec108 elementor-widget elementor-widget-text-editor\" data-id=\"a2ec108\" data-element_type=\"widget\" data-widget_type=\"text-editor.default\">\n\t\t\t\t<div class=\"elementor-widget-container\">\n\t\t\t\t\t\t\t\t\t<h3 class=\"news-details__title\">Op. Dr. Aykut \u00d6ZP\u00dcR<\/h3><p class=\"news-details__sub-title\">PLASTIC, RECONSTRUCTIVE AND AESTHETIC SURGERY SPECIALIST<\/p><p class=\"translation-block\"><strong>Op. Dr. Aykut \u00d6zp\u00fcr<\/strong> was born in 1982 in Isparta <strong><span dir=\"RTL\">\u2019<\/span>. After graduating from G\u00f6nen Anatolian Teachers High School, he started his medical education at Celal Bayar University Faculty of Medicine. In the faculty of medicine, he gained knowledge and experience about Plastic Surgery and Microsurgery, which he had dreamed of and had always dreamed of since his high school years, and in 2008, he started his Plastic, Reconstructive and Aesthetic Surgery education at Bezmialem (<strong>Vak\u0131f Gureba EAH<\/strong>) University.<\/p><p>\u00a0<\/p>\t\t\t\t\t\t\t\t<\/div>\n\t\t\t\t<\/div>\n\t\t\t\t<\/div>\n\t\t\t\t\t<\/div>\n\t\t\t\t<\/div>\n\t\t<div class=\"elementor-element elementor-element-dc36c6b e-flex e-con-boxed wpr-particle-no wpr-jarallax-no wpr-parallax-no wpr-sticky-section-no e-con e-parent\" data-id=\"dc36c6b\" data-element_type=\"container\">\n\t\t\t\t\t<div class=\"e-con-inner\">\n\t\t\t\t<div class=\"elementor-element elementor-element-9b940e1 elementor-widget elementor-widget-text-editor\" data-id=\"9b940e1\" data-element_type=\"widget\" data-widget_type=\"text-editor.default\">\n\t\t\t\t<div class=\"elementor-widget-container\">\n\t\t\t\t\t\t\t\t\t<p>He especially concentrated his studies on microsurgery, free tissue transplants and adipose tissue-derived stem cells. In order to reduce deaths as a result of skin loss in large areas of the body and to obtain healthy skin, stem cell-derived artificial biological skin has started to work. This study was approved by the Ministry of Science and Industry&nbsp;<strong>SANTEZ<\/strong>&nbsp;projesi deste\u011fine lay\u0131k g\u00f6r\u00fcld\u00fc.&nbsp;<\/p><p class=\"translation-block\">He presented the results of two and a half years of experimental and clinical research at the National Plastic, Reconstructive and Aesthetic Surgery Congress in 2013. He was awarded the first prize in the experimental branch of the assistant presentation competition with this study. The Biological Skin article describing the study was published in the world\u2019s most prestigious plastic surgery journal <span dir=\"RTL\"><strong>\u201c<\/strong><\/span><strong>Plastic Reconstructive Surgery\u201d<\/strong> and was selected as the <strong>best article of the year<\/strong>.<\/p><p>Similarly, he also took part in the projects supported by the Ministry of Science and Industry developed to create artificial biological bone tissue. He published his studies in national and international articles. He shared his work with oral presentations at national congresses.<\/p>\n<p class=\"translation-block\"><strong>Op. Dr Aykut \u00d6zp\u00fcr<\/strong> is currently serving in his own clinic in Ni\u015fanta\u015f\u0131.<\/p>\t\t\t\t\t\t\t\t<\/div>\n\t\t\t\t<\/div>\n\t\t\t\t\t<\/div>\n\t\t\t\t<\/div>\n\t\t\t\t<\/div>","protected":false},"excerpt":{"rendered":"<p>HAKKIMIZDA Op. Dr. Aykut \u00d6ZP\u00dcR PLAST\u0130K, REKONSTR\u00dcKT\u0130F VE ESTET\u0130K CERRAH\u0130 UZMANI Op. Dr. Aykut \u00d6zp\u00fcr\u00a01982 y\u0131l\u0131nda Isparta\u00a0\u2019da do\u011fdu. G\u00f6nen Anadolu \u00d6\u011fretmen Lisesini bitirdikten sonra Celal Bayar \u00dcniversitesi T\u0131p Fak\u00fcltesinde t\u0131p e\u011fitimine ba\u015flad\u0131. T\u0131p fak\u00fcltesinde, lise y\u0131llar\u0131ndan beri hayalini kurdu\u011fu ve ideali olan Plastik Cerrahi ve mikrocerrahi hakk\u0131nda bilgi ve tecr\u00fcbe edinerek 2008 y\u0131l\u0131nda Plastik, Rekonstr\u00fcktif ve Estetik cerrahi e\u011fitimine Bezmialem (Vak\u0131f Gureba EAH) \u00fcniversitesinde ba\u015flad\u0131. \u00a0 \u00d6zellikle mikrocerrahi, serbest doku nakilleri ve ya\u011f doku kaynakl\u0131 k\u00f6k h\u00fccreler \u00fczerine \u00e7al\u0131\u015fmalar\u0131n\u0131 yo\u011funla\u015ft\u0131rd\u0131. V\u00fccudun geni\u015f alanlar\u0131nda olu\u015facak deri kay\u0131plar\u0131 sonucunda \u00f6l\u00fcmleri azaltmak ve sa\u011fl\u0131kl\u0131 deri elde etmek amac\u0131yla k\u00f6k h\u00fccre kaynakl\u0131 yapay biyolojik deri \u00e7al\u0131\u015fmas\u0131na ba\u015flad\u0131. Bu \u00e7al\u0131\u015fma Bilim ve Sanayi bakanl\u0131\u011f\u0131&nbsp;SANTEZ&nbsp;projesi deste\u011fine lay\u0131k g\u00f6r\u00fcld\u00fc.&nbsp; \u0130ki bu\u00e7uk y\u0131l s\u00fcren deneysel ve klinik ara\u015ft\u0131rmalar\u0131n sonu\u00e7lar\u0131n\u0131 2013 y\u0131l\u0131nda Ulusal Plastik, Rekonstr\u00fcktif ve Estetik Cerrahi kongresinde sundu. Bu \u00e7al\u0131\u015fmas\u0131yla deneysel dalda asistan bildiri yar\u0131\u015fmas\u0131 birincilik \u00f6d\u00fcl\u00fc\u2019ne lay\u0131k g\u00f6r\u00fcld\u00fc. \u00c7al\u0131\u015fmay\u0131 anlatan Biyolojik Deri makalesi, d\u00fcnyan\u0131n en prestijli plastik cerrahi dergilerinden&nbsp;\u201cPlastic Reconstructive Surgery\u201d&nbsp;dergisinde yay\u0131nland\u0131 ve&nbsp;y\u0131l\u0131n en iyi makalesi&nbsp;se\u00e7ildi.&nbsp; Benzer \u015fekilde yapay biyolojik kemik dokusu olu\u015fturmak ama\u00e7l\u0131 geli\u015ftirilen Bilim ve Sanayi Bakanl\u0131\u011f\u0131 destekli projelerde de yer ald\u0131. \u00c7al\u0131\u015fmalar\u0131n\u0131 ulusal ve uluslar aras\u0131 makalelerle yay\u0131nlad\u0131. Ulusal kongrelerde s\u00f6zl\u00fc sunumlarla \u00e7al\u0131\u015fmalar\u0131n\u0131 payla\u015ft\u0131. Op. Dr. Aykut \u00d6zp\u00fcr&nbsp;halen Ni\u015fanta\u015f\u0131&#8217;nda&nbsp;kendi klini\u011finde hizmet vermektedir.<\/p>","protected":false},"author":1,"featured_media":0,"parent":0,"menu_order":0,"comment_status":"closed","ping_status":"closed","template":"elementor_header_footer","meta":{"site-sidebar-layout":"no-sidebar","site-content-layout":"","ast-site-content-layout":"full-width-container","site-content-style":"default","site-sidebar-style":"default","ast-global-header-display":"","ast-banner-title-visibility":"","ast-main-header-display":"","ast-hfb-above-header-display":"","ast-hfb-below-header-display":"","ast-hfb-mobile-header-display":"","site-post-title":"disabled","ast-breadcrumbs-content":"","ast-featured-img":"disabled","footer-sml-layout":"","theme-transparent-header-meta":"default","adv-header-id-meta":"","stick-header-meta":"","header-above-stick-meta":"","header-main-stick-meta":"","header-below-stick-meta":"","astra-migrate-meta-layouts":"set","ast-page-background-enabled":"default","ast-page-background-meta":{"desktop":{"background-color":"var(--ast-global-color-4)","background-image":"","background-repeat":"repeat","background-position":"center center","background-size":"auto","background-attachment":"scroll","background-type":"","background-media":"","overlay-type":"","overlay-color":"","overlay-opacity":"","overlay-gradient":""},"tablet":{"background-color":"","background-image":"","background-repeat":"repeat","background-position":"center center","background-size":"auto","background-attachment":"scroll","background-type":"","background-media":"","overlay-type":"","overlay-color":"","overlay-opacity":"","overlay-gradient":""},"mobile":{"background-color":"","background-image":"","background-repeat":"repeat","background-position":"center center","background-size":"auto","background-attachment":"scroll","background-type":"","background-media":"","overlay-type":"","overlay-color":"","overlay-opacity":"","overlay-gradient":""}},"ast-content-background-meta":{"desktop":{"background-color":"var(--ast-global-color-5)","background-image":"","background-repeat":"repeat","background-position":"center center","background-size":"auto","background-attachment":"scroll","background-type":"","background-media":"","overlay-type":"","overlay-color":"","overlay-opacity":"","overlay-gradient":""},"tablet":{"background-color":"var(--ast-global-color-5)","background-image":"","background-repeat":"repeat","background-position":"center center","background-size":"auto","background-attachment":"scroll","background-type":"","background-media":"","overlay-type":"","overlay-color":"","overlay-opacity":"","overlay-gradient":""},"mobile":{"background-color":"var(--ast-global-color-5)","background-image":"","background-repeat":"repeat","background-position":"center center","background-size":"auto","background-attachment":"scroll","background-type":"","background-media":"","overlay-type":"","overlay-color":"","overlay-opacity":"","overlay-gradient":""}},"footnotes":""},"class_list":["post-13","page","type-page","status-publish","hentry"],"_links":{"self":[{"href":"https:\/\/aykutozpur.com\/en\/wp-json\/wp\/v2\/pages\/13","targetHints":{"allow":["GET"]}}],"collection":[{"href":"https:\/\/aykutozpur.com\/en\/wp-json\/wp\/v2\/pages"}],"about":[{"href":"https:\/\/aykutozpur.com\/en\/wp-json\/wp\/v2\/types\/page"}],"author":[{"embeddable":true,"href":"https:\/\/aykutozpur.com\/en\/wp-json\/wp\/v2\/users\/1"}],"replies":[{"embeddable":true,"href":"https:\/\/aykutozpur.com\/en\/wp-json\/wp\/v2\/comments?post=13"}],"version-history":[{"count":7,"href":"https:\/\/aykutozpur.com\/en\/wp-json\/wp\/v2\/pages\/13\/revisions"}],"predecessor-version":[{"id":228,"href":"https:\/\/aykutozpur.com\/en\/wp-json\/wp\/v2\/pages\/13\/revisions\/228"}],"wp:attachment":[{"href":"https:\/\/aykutozpur.com\/en\/wp-json\/wp\/v2\/media?parent=13"}],"curies":[{"name":"wp","href":"https:\/\/api.w.org\/{rel}","templated":true}]}}